{"id":1185,"date":"2022-07-07T04:36:44","date_gmt":"2022-07-07T04:36:44","guid":{"rendered":"https:\/\/ride4culture.org\/?page_id=1185"},"modified":"2025-08-01T14:12:06","modified_gmt":"2025-08-01T14:12:06","slug":"hakkinda","status":"publish","type":"page","link":"https:\/\/ride4culture.org\/tr\/about\/","title":{"rendered":"Hakk\u0131nda"},"content":{"rendered":"<div data-elementor-type=\"wp-page\" data-elementor-id=\"1185\" class=\"elementor elementor-1185\">\n\t\t\t\t\t\t<section class=\"elementor-section elementor-top-section elementor-element elementor-element-b7df894 elementor-section-boxed elementor-section-height-default elementor-section-height-default\" data-id=\"b7df894\" data-element_type=\"section\" data-settings=\"{&quot;background_background&quot;:&quot;classic&quot;}\">\n\t\t\t\t\t\t<div class=\"elementor-container elementor-column-gap-no\">\n\t\t\t\t\t<div class=\"elementor-column elementor-col-50 elementor-top-column elementor-element elementor-element-e8ca6c7 elementor-invisible\" data-id=\"e8ca6c7\" data-element_type=\"column\" data-settings=\"{&quot;animation&quot;:&quot;ova-move-right&quot;,&quot;animation_tablet&quot;:&quot;none&quot;}\">\n\t\t\t<div class=\"elementor-widget-wrap elementor-element-populated\">\n\t\t\t\t\t\t<div class=\"elementor-element elementor-element-c48840b elementor-widget elementor-widget-image\" data-id=\"c48840b\" data-element_type=\"widget\" data-widget_type=\"image.default\">\n\t\t\t\t\t\t\t\t\t\t\t\t\t\t\t<img decoding=\"async\" width=\"101\" height=\"125\" src=\"https:\/\/ride4culture.org\/wp-content\/uploads\/2022\/07\/dial.png\" class=\"attachment-large size-large wp-image-2195\" alt=\"\" \/>\t\t\t\t\t\t\t\t\t\t\t\t\t\t\t<\/div>\n\t\t\t\t<section class=\"elementor-section elementor-inner-section elementor-element elementor-element-651c821 elementor-section-full_width elementor-section-height-default elementor-section-height-default\" data-id=\"651c821\" data-element_type=\"section\">\n\t\t\t\t\t\t<div class=\"elementor-container elementor-column-gap-no\">\n\t\t\t\t\t<div class=\"elementor-column elementor-col-66 elementor-inner-column elementor-element elementor-element-88cd609\" data-id=\"88cd609\" data-element_type=\"column\">\n\t\t\t<div class=\"elementor-widget-wrap elementor-element-populated\">\n\t\t\t\t\t\t<div class=\"elementor-element elementor-element-4ed1a3a elementor-widget elementor-widget-tripgo_elementor_heading\" data-id=\"4ed1a3a\" data-element_type=\"widget\" data-widget_type=\"tripgo_elementor_heading.default\">\n\t\t\t\t<div class=\"elementor-widget-container\">\n\t\t\t\t\t\t\t<div class=\"ova-title\">\n\n\t\t\t\t\t\t\t<h3 class=\"sub-title\">ma\u011fazamiza ho\u015f geldi\u0307ni\u0307z.<\/h3>\n\t\t\t\n\t\t\t\t\t\t\t\n\t\t\t\t\t<h2 class=\"title\">D\u00dcNYANIN EN I\u0307YI\u0307 AT BI\u0307NME SAFARI\u0307SI\u0307<\/h2>\n\t\t\t\t\t\t\t\n\t\t\t\n\t\t<\/div> \n\t\t \t\n\t\t\t\t\t\t<\/div>\n\t\t\t\t<\/div>\n\t\t\t\t<div class=\"elementor-element elementor-element-51bc3ea elementor-widget elementor-widget-text-editor\" data-id=\"51bc3ea\" data-element_type=\"widget\" data-widget_type=\"text-editor.default\">\n\t\t\t\t\t\t\t\t\t<div>Bu, \u00f6z\u00fcnde vah\u015fi do\u011faya bir \u00e7a\u011fr\u0131d\u0131r. Sadece at s\u0131rt\u0131nda ula\u015f\u0131labilen, d\u00fcnyan\u0131n en \u00e7arp\u0131c\u0131 ve uzak yerlerinden baz\u0131lar\u0131nda ata binmenin heyecan\u0131n\u0131 ya\u015fay\u0131n. K\u00fclt\u00fcr i\u00e7in binicilik ve deneyimli biniciler i\u00e7in birinci s\u0131n\u0131f binicilik safarileri sunma konusunda uzman\u0131z. D\u00fcnyan\u0131n d\u00f6rt bir yan\u0131nda at s\u00fcrerken, destinasyonlar\u0131m\u0131zdaki en pop\u00fcler yerleri ke\u015ffederek size k\u00fclt\u00fcr\u00fc en iyi \u015fekilde deneyimleme f\u0131rsat\u0131 veriyoruz. Ekibimiz, sizi kendi d\u00fcnyalar\u0131na davet eden karizmatik ev sahiplerinin rehberli\u011finde en iyi, sahibi taraf\u0131ndan i\u015fletilen binicilik safarilerini sunmak i\u00e7in d\u00fcnyay\u0131 dola\u015ft\u0131. Sahra \u00c7\u00f6l\u00fc'nde heyecan verici dayan\u0131kl\u0131l\u0131k s\u00fcr\u00fc\u015fleri, G\u00fcney Afrika'n\u0131n vah\u015fi do\u011fas\u0131nda z\u00fcrafalar ve zebralarla seyir, gizemli Petra ve \u00dcrd\u00fcn \u00e7\u00f6lleri, K\u0131rg\u0131zistan'daki Khan Tengri Da\u011flar\u0131'n\u0131n eteklerinde serbest dola\u015fan y\u00fczlerce at, T\u00fcrkiye'de Patara ve Kapadokya'n\u0131n d\u00fcnyan\u0131n en bakir plajlar\u0131 ve antik piramitlere ev sahipli\u011fi yapan Kahire \u00e7\u00f6lleri aras\u0131ndan se\u00e7iminizi yap\u0131n. Duyular\u0131n\u0131z\u0131 harekete ge\u00e7irecek ve vah\u015fi y\u00f6n\u00fcn\u00fcz\u00fc ortaya \u00e7\u0131karacak m\u00fckemmel safarinizi birlikte tasarlayal\u0131m.<\/div>\t\t\t\t\t\t\t\t<\/div>\n\t\t\t\t\t<\/div>\n\t\t<\/div>\n\t\t\t\t<div class=\"elementor-column elementor-col-33 elementor-inner-column elementor-element elementor-element-3a060ba\" data-id=\"3a060ba\" data-element_type=\"column\">\n\t\t\t<div class=\"elementor-widget-wrap elementor-element-populated\">\n\t\t\t\t\t\t<div class=\"elementor-element elementor-element-def03d9 elementor-position-left elementor-view-default elementor-mobile-position-top elementor-vertical-align-top elementor-widget elementor-widget-icon-box\" data-id=\"def03d9\" data-element_type=\"widget\" data-widget_type=\"icon-box.default\">\n\t\t\t\t\t\t\t<div class=\"elementor-icon-box-wrapper\">\n\n\t\t\t\t\t\t<div class=\"elementor-icon-box-icon\">\n\t\t\t\t<span  class=\"elementor-icon\">\n\t\t\t\t<i aria-hidden=\"true\" class=\"icomoon icomoon-reliable\"><\/i>\t\t\t\t<\/span>\n\t\t\t<\/div>\n\t\t\t\n\t\t\t\t\t\t<div class=\"elementor-icon-box-content\">\n\n\t\t\t\t\t\t\t\t\t<h6 class=\"elementor-icon-box-title\">\n\t\t\t\t\t\t<span  >\n\t\t\t\t\t\t\tG\u00fcvenilir ve Tam Sigortal\u0131\t\t\t\t\t\t<\/span>\n\t\t\t\t\t<\/h6>\n\t\t\t\t\n\t\t\t\t\t\t\t\t\t<p class=\"elementor-icon-box-description\">\n\t\t\t\t\t\tUt enim ad minim veniam, quis nostrud exercitation\t\t\t\t\t<\/p>\n\t\t\t\t\n\t\t\t<\/div>\n\t\t\t\n\t\t<\/div>\n\t\t\t\t\t\t<\/div>\n\t\t\t\t<div class=\"elementor-element elementor-element-28b4169 elementor-position-left elementor-view-default elementor-mobile-position-top elementor-vertical-align-top elementor-widget elementor-widget-icon-box\" data-id=\"28b4169\" data-element_type=\"widget\" data-widget_type=\"icon-box.default\">\n\t\t\t\t\t\t\t<div class=\"elementor-icon-box-wrapper\">\n\n\t\t\t\t\t\t<div class=\"elementor-icon-box-icon\">\n\t\t\t\t<span  class=\"elementor-icon\">\n\t\t\t\t<i aria-hidden=\"true\" class=\"icomoon icomoon-experienced\"><\/i>\t\t\t\t<\/span>\n\t\t\t<\/div>\n\t\t\t\n\t\t\t\t\t\t<div class=\"elementor-icon-box-content\">\n\n\t\t\t\t\t\t\t\t\t<h6 class=\"elementor-icon-box-title\">\n\t\t\t\t\t\t<span  >\n\t\t\t\t\t\t\tG\u00fcvenilir ve Tam Sigortal\u0131\t\t\t\t\t\t<\/span>\n\t\t\t\t\t<\/h6>\n\t\t\t\t\n\t\t\t\t\t\t\t\t\t<p class=\"elementor-icon-box-description\">\n\t\t\t\t\t\tUt enim ad minim veniam, quis nostrud exercitation\t\t\t\t\t<\/p>\n\t\t\t\t\n\t\t\t<\/div>\n\t\t\t\n\t\t<\/div>\n\t\t\t\t\t\t<\/div>\n\t\t\t\t\t<\/div>\n\t\t<\/div>\n\t\t\t\t\t<\/div>\n\t\t<\/section>\n\t\t\t\t<div class=\"elementor-element elementor-element-6677e38 elementor-align-left elementor-widget-mobile__width-auto elementor-widget elementor-widget-button\" data-id=\"6677e38\" data-element_type=\"widget\" data-widget_type=\"button.default\">\n\t\t\t\t\t\t\t\t\t\t<a class=\"elementor-button elementor-button-link elementor-size-sm\" href=\"https:\/\/ride4culture.org\/tr\/iletisim\/\">\n\t\t\t\t\t\t<span class=\"elementor-button-content-wrapper\">\n\t\t\t\t\t\t\t\t\t<span class=\"elementor-button-text\">Bize ula\u015f\u0131n<\/span>\n\t\t\t\t\t<\/span>\n\t\t\t\t\t<\/a>\n\t\t\t\t\t\t\t\t<\/div>\n\t\t\t\t\t<\/div>\n\t\t<\/div>\n\t\t\t\t<div class=\"elementor-column elementor-col-50 elementor-top-column elementor-element elementor-element-f012ac5\" data-id=\"f012ac5\" data-element_type=\"column\">\n\t\t\t<div class=\"elementor-widget-wrap elementor-element-populated\">\n\t\t\t\t\t\t<div class=\"elementor-element elementor-element-14cfd98 elementor-widget__width-auto elementor-absolute animated-fast elementor-invisible elementor-widget elementor-widget-tripgo_elementor_counter\" data-id=\"14cfd98\" data-element_type=\"widget\" data-settings=\"{&quot;_position&quot;:&quot;absolute&quot;,&quot;_animation&quot;:&quot;ova-scale-up&quot;,&quot;_animation_tablet&quot;:&quot;none&quot;}\" data-widget_type=\"tripgo_elementor_counter.default\">\n\t\t\t\t<div class=\"elementor-widget-container\">\n\t\t\t\t\t           \n           <div class=\"ova-counter\" data-count=\"1\">\n                \n\t            \t            \t<div class=\"icon-wrapper\">\n\t            \t\t<div class=\"icon\">\n\t\t\t\t\t\t\t<i class=\"icomoon icomoon-flig\"><\/i>\n\t\t\t\t\t\t<\/div>\n\t            \t<\/div>\n\t\t\t\t\t            \n                <div class=\"odometer-wrapper\">\n\t\t\t\t\t<span class=\"odometer\">0<\/span>\n\t\t\t\t\t<span class=\"suffix\">\n\t\t\t\t\t\tM\t\t\t        <\/span>\n\t\t\t    <\/div>\n\t\t\t\t\n\t      \t     \t\t\t\t\t<h4 class=\"title\">\n\t\t\t\t\t\tFarkl\u0131 Par\u00e7alar\t\t\t\t\t<\/h4>\n\t\t\t\t\n           <\/div>\n\t\t \t\n\t\t\t\t\t\t<\/div>\n\t\t\t\t<\/div>\n\t\t\t\t<div class=\"elementor-element elementor-element-2ef6c1f elementor-widget__width-auto elementor-invisible elementor-widget elementor-widget-image\" data-id=\"2ef6c1f\" data-element_type=\"widget\" data-settings=\"{&quot;_animation&quot;:&quot;ova-move-up&quot;,&quot;_animation_tablet&quot;:&quot;none&quot;}\" data-widget_type=\"image.default\">\n\t\t\t\t\t\t\t\t\t\t\t\t\t\t\t<img fetchpriority=\"high\" decoding=\"async\" width=\"800\" height=\"559\" src=\"https:\/\/ride4culture.org\/wp-content\/uploads\/2022\/08\/Petra-horseback-riding-adventure-in-Jordan-1024x715.jpg\" class=\"attachment-large size-large wp-image-9556\" alt=\"\" srcset=\"https:\/\/ride4culture.org\/wp-content\/uploads\/2022\/08\/Petra-horseback-riding-adventure-in-Jordan-1024x715.jpg 1024w, https:\/\/ride4culture.org\/wp-content\/uploads\/2022\/08\/Petra-horseback-riding-adventure-in-Jordan-300x209.jpg 300w, https:\/\/ride4culture.org\/wp-content\/uploads\/2022\/08\/Petra-horseback-riding-adventure-in-Jordan-768x536.jpg 768w, https:\/\/ride4culture.org\/wp-content\/uploads\/2022\/08\/Petra-horseback-riding-adventure-in-Jordan-1536x1073.jpg 1536w, https:\/\/ride4culture.org\/wp-content\/uploads\/2022\/08\/Petra-horseback-riding-adventure-in-Jordan-600x419.jpg 600w, https:\/\/ride4culture.org\/wp-content\/uploads\/2022\/08\/Petra-horseback-riding-adventure-in-Jordan.jpg 2048w\" sizes=\"(max-width: 800px) 100vw, 800px\" \/>\t\t\t\t\t\t\t\t\t\t\t\t\t\t\t<\/div>\n\t\t\t\t\t<\/div>\n\t\t<\/div>\n\t\t\t\t\t<\/div>\n\t\t<\/section>\n\t\t\t\t<section class=\"elementor-section elementor-top-section elementor-element elementor-element-c817ee4 elementor-section-boxed elementor-section-height-default elementor-section-height-default\" data-id=\"c817ee4\" data-element_type=\"section\" data-settings=\"{&quot;background_background&quot;:&quot;classic&quot;}\">\n\t\t\t\t\t\t\t<div class=\"elementor-background-overlay\"><\/div>\n\t\t\t\t\t\t\t<div class=\"elementor-container elementor-column-gap-default\">\n\t\t\t\t\t<div class=\"elementor-column elementor-col-100 elementor-top-column elementor-element elementor-element-3d8cbf3 animated-fast elementor-invisible\" data-id=\"3d8cbf3\" data-element_type=\"column\" data-settings=\"{&quot;animation&quot;:&quot;fadeInUp&quot;,&quot;animation_tablet&quot;:&quot;none&quot;}\">\n\t\t\t<div class=\"elementor-widget-wrap elementor-element-populated\">\n\t\t\t\t\t\t<div class=\"elementor-element elementor-element-969e1ec elementor-widget__width-auto elementor-widget-mobile__width-inherit elementor-widget elementor-widget-tripgo_elementor_counter\" data-id=\"969e1ec\" data-element_type=\"widget\" data-widget_type=\"tripgo_elementor_counter.default\">\n\t\t\t\t<div class=\"elementor-widget-container\">\n\t\t\t\t\t           \n           <div class=\"ova-counter\" data-count=\"28\">\n                \n\t            \t            \t<div class=\"icon-wrapper\">\n\t            \t\t<div class=\"icon\">\n\t\t\t\t\t\t\t<i class=\"icomoon icomoon-profile-2user\"><\/i>\n\t\t\t\t\t\t<\/div>\n\t            \t<\/div>\n\t\t\t\t\t            \n                <div class=\"odometer-wrapper\">\n\t\t\t\t\t<span class=\"odometer\">0<\/span>\n\t\t\t\t\t<span class=\"suffix\">\n\t\t\t\t\t\tk\t\t\t        <\/span>\n\t\t\t    <\/div>\n\t\t\t\t\n\t      \t     \t\t\t\t\t<h4 class=\"title\">\n\t\t\t\t\t\tToplam Kullan\u0131c\u0131\t\t\t\t\t<\/h4>\n\t\t\t\t\n           <\/div>\n\t\t \t\n\t\t\t\t\t\t<\/div>\n\t\t\t\t<\/div>\n\t\t\t\t<div class=\"elementor-element elementor-element-a991280 elementor-widget__width-auto elementor-widget-mobile__width-inherit elementor-widget elementor-widget-tripgo_elementor_counter\" data-id=\"a991280\" data-element_type=\"widget\" data-widget_type=\"tripgo_elementor_counter.default\">\n\t\t\t\t<div class=\"elementor-widget-container\">\n\t\t\t\t\t           \n           <div class=\"ova-counter\" data-count=\"13\">\n                \n\t            \t            \t<div class=\"icon-wrapper\">\n\t            \t\t<div class=\"icon\">\n\t\t\t\t\t\t\t<i class=\"icomoon icomoon-routing\"><\/i>\n\t\t\t\t\t\t<\/div>\n\t            \t<\/div>\n\t\t\t\t\t            \n                <div class=\"odometer-wrapper\">\n\t\t\t\t\t<span class=\"odometer\">0<\/span>\n\t\t\t\t\t<span class=\"suffix\">\n\t\t\t\t\t\tk\t\t\t        <\/span>\n\t\t\t    <\/div>\n\t\t\t\t\n\t      \t     \t\t\t\t\t<h4 class=\"title\">\n\t\t\t\t\t\tToplam Turlar\t\t\t\t\t<\/h4>\n\t\t\t\t\n           <\/div>\n\t\t \t\n\t\t\t\t\t\t<\/div>\n\t\t\t\t<\/div>\n\t\t\t\t<div class=\"elementor-element elementor-element-44c5bef elementor-widget__width-auto elementor-widget-mobile__width-inherit elementor-widget elementor-widget-tripgo_elementor_counter\" data-id=\"44c5bef\" data-element_type=\"widget\" data-widget_type=\"tripgo_elementor_counter.default\">\n\t\t\t\t<div class=\"elementor-widget-container\">\n\t\t\t\t\t           \n           <div class=\"ova-counter\" data-count=\"68\">\n                \n\t            \t            \t<div class=\"icon-wrapper\">\n\t            \t\t<div class=\"icon\">\n\t\t\t\t\t\t\t<i class=\"icomoon icomoon-exceeds\"><\/i>\n\t\t\t\t\t\t<\/div>\n\t            \t<\/div>\n\t\t\t\t\t            \n                <div class=\"odometer-wrapper\">\n\t\t\t\t\t<span class=\"odometer\">0<\/span>\n\t\t\t\t\t<span class=\"suffix\">\n\t\t\t\t\t\tk\t\t\t        <\/span>\n\t\t\t    <\/div>\n\t\t\t\t\n\t      \t     \t\t\t\t\t<h4 class=\"title\">\n\t\t\t\t\t\tSosyal Be\u011feniler\t\t\t\t\t<\/h4>\n\t\t\t\t\n           <\/div>\n\t\t \t\n\t\t\t\t\t\t<\/div>\n\t\t\t\t<\/div>\n\t\t\t\t<div class=\"elementor-element elementor-element-fa3ece2 elementor-widget__width-auto elementor-widget-mobile__width-inherit elementor-widget elementor-widget-tripgo_elementor_counter\" data-id=\"fa3ece2\" data-element_type=\"widget\" data-widget_type=\"tripgo_elementor_counter.default\">\n\t\t\t\t<div class=\"elementor-widget-container\">\n\t\t\t\t\t           \n           <div class=\"ova-counter\" data-count=\"10\">\n                \n\t            \t            \t<div class=\"icon-wrapper\">\n\t            \t\t<div class=\"icon\">\n\t\t\t\t\t\t\t<i class=\"icomoon icomoon-star\"><\/i>\n\t\t\t\t\t\t<\/div>\n\t            \t<\/div>\n\t\t\t\t\t            \n                <div class=\"odometer-wrapper\">\n\t\t\t\t\t<span class=\"odometer\">0<\/span>\n\t\t\t\t\t<span class=\"suffix\">\n\t\t\t\t\t\tk\t\t\t        <\/span>\n\t\t\t    <\/div>\n\t\t\t\t\n\t      \t     \t\t\t\t\t<h4 class=\"title\">\n\t\t\t\t\t\t5 Y\u0131ld\u0131z Derecelendirmesi\t\t\t\t\t<\/h4>\n\t\t\t\t\n           <\/div>\n\t\t \t\n\t\t\t\t\t\t<\/div>\n\t\t\t\t<\/div>\n\t\t\t\t\t<\/div>\n\t\t<\/div>\n\t\t\t\t\t<\/div>\n\t\t<\/section>\n\t\t\t\t<section class=\"elementor-section elementor-top-section elementor-element elementor-element-4d2ae82 elementor-section-boxed elementor-section-height-default elementor-section-height-default\" data-id=\"4d2ae82\" data-element_type=\"section\">\n\t\t\t\t\t\t<div class=\"elementor-container elementor-column-gap-default\">\n\t\t\t\t\t<div class=\"elementor-column elementor-col-50 elementor-top-column elementor-element elementor-element-a725ada\" data-id=\"a725ada\" data-element_type=\"column\">\n\t\t\t<div class=\"elementor-widget-wrap elementor-element-populated\">\n\t\t\t\t\t\t<div class=\"elementor-element elementor-element-a9bbc14 elementor-widget elementor-widget-tripgo_elementor_heading\" data-id=\"a9bbc14\" data-element_type=\"widget\" data-widget_type=\"tripgo_elementor_heading.default\">\n\t\t\t\t<div class=\"elementor-widget-container\">\n\t\t\t\t\t\t\t<div class=\"ova-title\">\n\n\t\t\t\n\t\t\t\t\t\t\t\n\t\t\t\t\t<h2 class=\"title\">Pop\u00fcler Turlar\u0131m\u0131z<\/h2>\n\t\t\t\t\t\t\t\n\t\t\t\t\t\t\t<p class=\"description\">Bacon ipsum dolor amet porchetta hamburger domuz, top ucu bresaola k\u0131sa kaburga fatback \u015ferit biftek \u00f6\u011f\u00fct\u00fclm\u00fc\u015f yuvarlak but. Alcatra shankle jambon hock frankfurter, past\u0131rma domuz fileto inek salam k\u00f6fte hamburger geyik eti kuyruk bresaola. Tri-tip bresaola past\u0131rma \u015ferit biftek kevin k\u00f6fte shankle top ucu bonfile sosis s\u0131\u011f\u0131r kaburga yedek kaburga dil filet mignon. Chuck \u015ferit biftek tavuk k\u00f6fte. Baget jambon hamburger, incik alcatra omuz bonfile k\u0131yma. Cupim past\u0131rma dana kaburga top ucu dil domuz but.<\/p>\n\t\t\t\n\t\t<\/div> \n\t\t \t\n\t\t\t\t\t\t<\/div>\n\t\t\t\t<\/div>\n\t\t\t\t<div class=\"elementor-element elementor-element-b33b626 elementor-widget elementor-widget-tripgo_elementor_progress\" data-id=\"b33b626\" data-element_type=\"widget\" data-widget_type=\"tripgo_elementor_progress.default\">\n\t\t\t\t<div class=\"elementor-widget-container\">\n\t\t\t\t\t\n\t\t<div class=\"ova-progress\">\n\t\t\t\t\t\t\t<h6 class=\"ova-progress-title\">K\u0131rsal B\u00f6lge<\/h6>\n\t\t\t\t\t\t<div class=\"ova-percent-view\" >\n\t\t\t\t<div class=\"ova-percent\" data-percent=\"78\"><\/div>\n\t\t\t\t<span class=\"percentage\" data-show-percent=\"yes\">\n\t\t\t\t\t78%\n\t\t\t\t<\/span>\n\t\t\t<\/div>\n\t\t\t\t\t<\/div>\n\t\t \t\n\t\t\t\t\t\t<\/div>\n\t\t\t\t<\/div>\n\t\t\t\t<div class=\"elementor-element elementor-element-2d8b367 elementor-widget elementor-widget-tripgo_elementor_progress\" data-id=\"2d8b367\" data-element_type=\"widget\" data-widget_type=\"tripgo_elementor_progress.default\">\n\t\t\t\t<div class=\"elementor-widget-container\">\n\t\t\t\t\t\n\t\t<div class=\"ova-progress\">\n\t\t\t\t\t\t\t<h6 class=\"ova-progress-title\">\u00dcz\u00fcm Ba\u011f\u0131<\/h6>\n\t\t\t\t\t\t<div class=\"ova-percent-view\" >\n\t\t\t\t<div class=\"ova-percent\" data-percent=\"92\"><\/div>\n\t\t\t\t<span class=\"percentage\" data-show-percent=\"yes\">\n\t\t\t\t\t92%\n\t\t\t\t<\/span>\n\t\t\t<\/div>\n\t\t\t\t\t<\/div>\n\t\t \t\n\t\t\t\t\t\t<\/div>\n\t\t\t\t<\/div>\n\t\t\t\t<div class=\"elementor-element elementor-element-c27d9fe elementor-widget elementor-widget-tripgo_elementor_progress\" data-id=\"c27d9fe\" data-element_type=\"widget\" data-widget_type=\"tripgo_elementor_progress.default\">\n\t\t\t\t<div class=\"elementor-widget-container\">\n\t\t\t\t\t\n\t\t<div class=\"ova-progress\">\n\t\t\t\t\t\t\t<h6 class=\"ova-progress-title\">\u015earap Tad\u0131m\u0131<\/h6>\n\t\t\t\t\t\t<div class=\"ova-percent-view\" >\n\t\t\t\t<div class=\"ova-percent\" data-percent=\"62\"><\/div>\n\t\t\t\t<span class=\"percentage\" data-show-percent=\"yes\">\n\t\t\t\t\t62%\n\t\t\t\t<\/span>\n\t\t\t<\/div>\n\t\t\t\t\t<\/div>\n\t\t \t\n\t\t\t\t\t\t<\/div>\n\t\t\t\t<\/div>\n\t\t\t\t\t<\/div>\n\t\t<\/div>\n\t\t\t\t<div class=\"elementor-column elementor-col-50 elementor-top-column elementor-element elementor-element-496b054\" data-id=\"496b054\" data-element_type=\"column\">\n\t\t\t<div class=\"elementor-widget-wrap elementor-element-populated\">\n\t\t\t\t\t\t<div class=\"elementor-element elementor-element-b4d0cfb elementor-widget__width-auto elementor-widget elementor-widget-image\" data-id=\"b4d0cfb\" data-element_type=\"widget\" data-widget_type=\"image.default\">\n\t\t\t\t\t\t\t\t\t\t\t\t\t\t\t<img decoding=\"async\" src=\"https:\/\/ride4culture.org\/wp-content\/uploads\/elementor\/thumbs\/Rectangle-219a-r97ytcuub263lpri4ejhpbc8h5jf5x7co7zudxl5oo.jpg\" title=\"Dikd\u00f6rtgen 219a\" alt=\"Dikd\u00f6rtgen 219a\" loading=\"lazy\" \/>\t\t\t\t\t\t\t\t\t\t\t\t\t\t\t<\/div>\n\t\t\t\t<div class=\"elementor-element elementor-element-48f29ca elementor-widget__width-auto elementor-absolute elementor-hidden-mobile elementor-widget elementor-widget-image\" data-id=\"48f29ca\" data-element_type=\"widget\" data-settings=\"{&quot;_position&quot;:&quot;absolute&quot;}\" data-widget_type=\"image.default\">\n\t\t\t\t\t\t\t\t\t\t\t\t\t\t\t<img decoding=\"async\" src=\"https:\/\/ride4culture.org\/wp-content\/uploads\/elementor\/thumbs\/destination-03-r97ysuzuzddyum1it6iz7rda463je244y4b4a65puo.jpg\" title=\"hedef-03\" alt=\"hedef-03\" loading=\"lazy\" \/>\t\t\t\t\t\t\t\t\t\t\t\t\t\t\t<\/div>\n\t\t\t\t<div class=\"elementor-element elementor-element-86dea8f elementor-widget__width-auto elementor-absolute elementor-widget elementor-widget-image\" data-id=\"86dea8f\" data-element_type=\"widget\" data-settings=\"{&quot;_position&quot;:&quot;absolute&quot;}\" data-widget_type=\"image.default\">\n\t\t\t\t\t\t\t\t\t\t\t\t\t\t\t<img decoding=\"async\" width=\"226\" height=\"227\" src=\"https:\/\/ride4culture.org\/wp-content\/uploads\/2022\/07\/Framebg-1.png\" class=\"attachment-large size-large wp-image-1592\" alt=\"\" srcset=\"https:\/\/ride4culture.org\/wp-content\/uploads\/2022\/07\/Framebg-1.png 226w, https:\/\/ride4culture.org\/wp-content\/uploads\/2022\/07\/Framebg-1-100x100.png 100w, https:\/\/ride4culture.org\/wp-content\/uploads\/2022\/07\/Framebg-1-150x150.png 150w\" sizes=\"(max-width: 226px) 100vw, 226px\" \/>\t\t\t\t\t\t\t\t\t\t\t\t\t\t\t<\/div>\n\t\t\t\t<div class=\"elementor-element elementor-element-8a7368a elementor-widget__width-auto elementor-absolute elementor-widget elementor-widget-image\" data-id=\"8a7368a\" data-element_type=\"widget\" data-settings=\"{&quot;_position&quot;:&quot;absolute&quot;}\" data-widget_type=\"image.default\">\n\t\t\t\t\t\t\t\t\t\t\t\t\t\t\t<img loading=\"lazy\" decoding=\"async\" width=\"213\" height=\"105\" src=\"https:\/\/ride4culture.org\/wp-content\/uploads\/2022\/07\/Framebg-2.png\" class=\"attachment-large size-large wp-image-1593\" alt=\"\" \/>\t\t\t\t\t\t\t\t\t\t\t\t\t\t\t<\/div>\n\t\t\t\t\t<\/div>\n\t\t<\/div>\n\t\t\t\t\t<\/div>\n\t\t<\/section>\n\t\t\t\t<\/div>","protected":false},"excerpt":{"rendered":"<p>welcome to our store. THE WORLD&#039;S BEST HORSE RIDING SAFARI This is a call to the wild, in essence. Experience the thrill of horseback riding in some of the world&#8217;s most stunning and remote locations, accessible only by horseback. We specialize in riding for culture and offering first-class riding safaris for experienced riders. As we [&hellip;]<\/p>\n","protected":false},"author":1,"featured_media":0,"parent":0,"menu_order":0,"comment_status":"closed","ping_status":"closed","template":"elementor_header_footer","meta":{"footnotes":""},"class_list":["post-1185","page","type-page","status-publish","hentry"],"_links":{"self":[{"href":"https:\/\/ride4culture.org\/tr\/wp-json\/wp\/v2\/pages\/1185","targetHints":{"allow":["GET"]}}],"collection":[{"href":"https:\/\/ride4culture.org\/tr\/wp-json\/wp\/v2\/pages"}],"about":[{"href":"https:\/\/ride4culture.org\/tr\/wp-json\/wp\/v2\/types\/page"}],"author":[{"embeddable":true,"href":"https:\/\/ride4culture.org\/tr\/wp-json\/wp\/v2\/users\/1"}],"replies":[{"embeddable":true,"href":"https:\/\/ride4culture.org\/tr\/wp-json\/wp\/v2\/comments?post=1185"}],"version-history":[{"count":5,"href":"https:\/\/ride4culture.org\/tr\/wp-json\/wp\/v2\/pages\/1185\/revisions"}],"predecessor-version":[{"id":9571,"href":"https:\/\/ride4culture.org\/tr\/wp-json\/wp\/v2\/pages\/1185\/revisions\/9571"}],"wp:attachment":[{"href":"https:\/\/ride4culture.org\/tr\/wp-json\/wp\/v2\/media?parent=1185"}],"curies":[{"name":"wp","href":"https:\/\/api.w.org\/{rel}","templated":true}]}}