{"id":4379,"date":"2022-08-09T02:48:36","date_gmt":"2022-08-09T02:48:36","guid":{"rendered":"https:\/\/ride4culture.org\/?post_type=product&#038;p=4379"},"modified":"2026-02-22T14:06:14","modified_gmt":"2026-02-22T14:06:14","slug":"misir","status":"publish","type":"product","link":"https:\/\/ride4culture.org\/tr\/product\/egypt\/","title":{"rendered":"M\u0131s\u0131r 23-28 \u015eUBAT"},"content":{"rendered":"<p><strong>MISIR<\/strong><\/p>\n<p><strong>Genel Bak\u0131\u015f<\/strong><\/p>\n<p>Tarihin ve gizemli antik topraklar\u0131n kalbinde at s\u00fcrece\u011fiz. Hem antik M\u0131s\u0131r uygarl\u0131\u011f\u0131n\u0131 yak\u0131ndan tan\u0131yacak hem de modern M\u0131s\u0131r \u00fclkesini ve k\u00fclt\u00fcr\u00fcn\u00fc \u00f6\u011frenece\u011fiz. Piramitleri, tarihi \u00e7ar\u015f\u0131lar\u0131, m\u00fczeleri, Nil Nehri\u2019ni yak\u0131ndan g\u00f6rme ve piramitlerin yan\u0131nda at binme f\u0131rsat\u0131m\u0131z olacak. Ard\u0131ndan yolculu\u011fumuz, iki muhte\u015fem g\u00fcn ge\u00e7irece\u011fimiz, ta\u015f konaklarda konaklay\u0131p \u00e7\u00f6llerde \u00f6zg\u00fcrce at s\u00fcrece\u011fimiz Sahra \u00c7\u00f6l\u00fc\u2019n\u00fcn kalbine do\u011fru ba\u015flayacak.<\/p>\n<p><strong>GEZI\u0307NI\u0307N \u00d6NEMLI\u0307 NOKTALARI<\/strong><\/p>\n<ul>\n<li>Kahire Havaliman\u0131'ndan Transfer<\/li>\n<li>4 y\u0131ld\u0131zl\u0131 Pyramids Park Resort otelde konaklama, 2 g\u00fcn<\/li>\n<li>Tarihi m\u00fcze, \u015fehir merkezi turu ve Nil \u00fczerinde ak\u015fam yeme\u011fi<\/li>\n<li>Piramitlerin yak\u0131n\u0131nda ata binme ve foto\u011fraf\u00e7\u0131l\u0131k<\/li>\n<li>Dans eden atlarla binicilik<\/li>\n<li>\u00c7\u00f6le transfer<\/li>\n<li>Fayyoum Da\u011flar\u0131'ndaki ta\u015f konaklarda konaklama, kahvalt\u0131 ve ak\u015fam yeme\u011fi<\/li>\n<li>\u00c7\u00f6lde 4-6 saat ata binme, 2 g\u00fcn -Havaalan\u0131 transferi<\/li>\n<\/ul>\n<p><strong>S\u00dcR\u00dc\u015e REHBERI\u0307<\/strong><\/p>\n<ul>\n<li>S\u00fcre 5 G\u00fcn \/ 4 Gece \/ 3 G\u00fcn Binicilik<\/li>\n<li>Maliyet:<\/li>\n<li>Operat\u00f6r Y\u00f6r\u00fcnge At Yolculu\u011fu<\/li>\n<li>Maksimum Binici: 16<\/li>\n<li>Min Biniciler: 6<\/li>\n<li>Ya\u015f: Binicilerimizin \u00e7o\u011fu 16+ ya\u015f\u0131ndad\u0131r. Psrentsiz \u00e7ocuklar\u0131 veya gen\u00e7leri kabul etmiyoruz<\/li>\n<li>Kalk\u0131yor: SPX Havaalan\u0131<\/li>\n<li>Binicilik Seviyesi: \u0130leri Seviye. Do\u011fal bir oturu\u015f ile d\u00fczenli bini\u015f.<\/li>\n<li>A\u011f\u0131rl\u0131k S\u0131n\u0131r\u0131: Maksimum 90kg\/198lbs\/14,2 ta\u015f. Zinde ve at\u0131n\u0131z\u0131 gezdirmeye istekli olmal\u0131s\u0131n\u0131z<\/li>\n<li>Y\u00fckseklikte k\u0131sa s\u00fcreler i\u00e7in teknik ve dik t\u0131rman\u0131\u015flar.<\/li>\n<li>Eyerde ge\u00e7irilen s\u00fcre: G\u00fcnde 2 ila 4-6 saat<\/li>\n<\/ul>\n<p><strong>ATLAR<\/strong><\/p>\n<p>Bu, ya\u015fam boyu ileri d\u00fczey s\u00fcr\u00fcc\u00fcler ve cesur gezginler i\u00e7in bir yolculuktur. \u00c7\u00f6l d\u00fczd\u00fcr, bazen tepeleri a\u015fman\u0131z gerekir<br \/>\nBinilen atlar a\u011f\u0131rl\u0131kl\u0131 olarak yerel Arap atlar\u0131d\u0131r, s\u0131cak kanl\u0131, g\u00fc\u00e7l\u00fc ve dayan\u0131kl\u0131d\u0131rlar, \u00e7\u00f6l iklimine ve do\u011faya al\u0131\u015fk\u0131nd\u0131rlar.<\/p>\n<p>Bu nedenle, s\u00fcr\u00fc\u015f deneyimi gereklidir.<\/p>\n<p><strong>KONAKLAMA PYRAMIDS PARK RESORT HOTEL 4*\/ TUNUS K\u00d6Y\u00dcNDE WHITE HORSE SUITES<\/strong><\/p>\n<ul>\n<li>Giza yak\u0131nlar\u0131ndaki 4 y\u0131ld\u0131zl\u0131 bir resort otelde iki gece kalaca\u011f\u0131z.<\/li>\n<li>\u00a0Konaklama birimlerimiz en fazla iki ki\u015filik payla\u015f\u0131ml\u0131 odalard\u0131r.<\/li>\n<li>Yaln\u0131z kalmak isterseniz, Pyramids park resort'ta g\u00fcnl\u00fck ekstra $100<\/li>\n<li>Fayyoum'da ta\u015f konaklarda kal\u0131yoruz. Burada da odalar\u0131m\u0131z ortak. E\u011fer yaln\u0131z kalmak isterseniz, g\u00fcnl\u00fck ekstra $50 \u00f6demeniz gerekiyor.<\/li>\n<\/ul>\n<p><strong>NE PAKETLENMEL\u0130<\/strong><\/p>\n<p>Binicilik k\u0131yafetleri, Binicilik ekipmanlar\u0131, G\u00fcne\u015f kremi, G\u00fcne\u015f g\u00f6zl\u00fc\u011f\u00fc, G\u00fc\u00e7 bankas\u0131, Far, Ya\u011fmurluk, Terlik, Havlu, So\u011fuk olmas\u0131 durumunda s\u0131cak giysiler, L\u00fctfen tog chaps dahil olmak \u00fczere binicilik k\u0131yafetlerinizi haz\u0131r bulundurun.<\/p>\n<p><strong>YEMEKLER<\/strong><\/p>\n<p>Yemekler genellikle klasik Arap mutfa\u011f\u0131na \u00f6zg\u00fcd\u00fcr. Et ve bol miktarda baharat i\u00e7erirler. Kahvalt\u0131da genellikle yumurta, zeytin, peynir, domates, salata, re\u00e7el, ekmek ve \u00e7ay bulunur. Ak\u015fam yeme\u011fi i\u00e7in Fayyoum'da geleneksel bir kaz yeme\u011fi, \u00e7orba ve salata servis edilmektedir.<\/p>\n<p><strong>\u0130NTERNET<\/strong><\/p>\n<p>Safarideyken kendinizi 'fi\u015ften \u00e7ekilmi\u015f' olarak d\u00fc\u015f\u00fcn\u00fcn.<\/p>\n<p>Havaalan\u0131ndan 20 GB i\u00e7in yakla\u015f\u0131k 10$'ye bir sim kart sat\u0131n alabilirsiniz. Cep telefonu \u00e7ekimi s\u00fcr\u00fc\u015flerin ba\u015f\u0131nda ve sonunda mevcuttur, ancak patikada tamamen \u015febekeden uzaks\u0131n\u0131z.<br \/>\nDestek ara\u00e7lar\u0131nda k\u00fc\u00e7\u00fck cihazlar i\u00e7in 12 voltluk usb \u015farj cihazlar\u0131 bulunmaktad\u0131r.<\/p>\n<p><strong>PROFESYONEL FOTO\u011eRAF VE VIDEO \u00c7EKIMI<\/strong><\/p>\n<p>D\u00fcnyan\u0131n en iyi at foto\u011fraf\u00e7\u0131lar\u0131ndan biri olan @orbithorsejourneys bizimle birlikte olacak ve y\u00fcksek \u00e7\u00f6z\u00fcn\u00fcrl\u00fckl\u00fc \u00e7ekimlerle muhte\u015fem an\u0131lar\u0131n\u0131z\u0131 size hediye edecek. - Piramitlerin yak\u0131n\u0131nda ko\u015fman\u0131n ki\u015fiye \u00f6zel video ve foto\u011fraflar\u0131<\/p>\n<p>- T\u00fcm piramitlere bakan bir tepeden ki\u015fiselle\u015ftirilmi\u015f video ve foto\u011fraflar,<\/p>\n<p>- Sahra \u00c7\u00f6l\u00fc'nde ko\u015farken \u00e7ekilmi\u015f ki\u015fiselle\u015ftirilmi\u015f video ve foto\u011fraflar<\/p>\n<p>- Magic Lake'te ko\u015farken \u00e7ekilmi\u015f ki\u015fiselle\u015ftirilmi\u015f video ve foto\u011fraflar<\/p>\n<p>- Grup drone ve profesyonel ko\u015fu \u00e7ekimleri<\/p>\n<p><strong>S\u0130GORTA<\/strong><\/p>\n<p>Seyahat \u015firketimiz, sizi havaalan\u0131ndan ba\u015flayarak t\u00fcm seyahatiniz boyunca, \u00fcstlendi\u011fimiz ekstrem sporlar da dahil olmak \u00fczere risklere kar\u015f\u0131 koruyacak kapsaml\u0131 bir sigorta sa\u011flamaktad\u0131r.<\/p>\n<p><strong>FI\u0307YATLAR + UYGUNLUK<\/strong><\/p>\n<p>\u00dccretsiz Rider Formunu doldurun ve m\u00fcsaitlik durumu ile ilgili size geri d\u00f6n\u00fc\u015f yapal\u0131m Rezervasyonlar depozito al\u0131nd\u0131ktan sonra onaylan\u0131r. Bakiye, kalk\u0131\u015ftan 90 g\u00fcn \u00f6nce \u00f6denmelidir.<\/p>\n<p><strong>ITINERARY<\/strong><br \/>\nBu g\u00fczergah sadece bir rehber olarak haz\u0131rlanm\u0131\u015ft\u0131r. Ev sahipleriniz hava ko\u015fullar\u0131ndan yararlanmak i\u00e7in g\u00fczergah\u0131 de\u011fi\u015ftirebilir.<\/p>\n<p><strong>U\u00c7U\u015eLAR<\/strong><\/p>\n<p>18 FEB 23:20 SAW (Sabiha G\u00f6k\u00e7en) havaliman\u0131 - SPX Sphinx International<\/p>\n<p>23 FEB 03:00 SPX Sphinx International -SAW (Sabiha G\u00f6k\u00e7en) havaliman\u0131 -<\/p>","protected":false},"excerpt":{"rendered":"<ul>\n<li>Sahte sosyal medya hesaplar\u0131 \u00fczerinden yap\u0131lan bir se\u00e7im haberine rastlamadan haber okumak neredeyse imkans\u0131z...<\/li>\n<\/ul>","protected":false},"featured_media":9474,"comment_status":"open","ping_status":"closed","template":"","meta":[],"product_brand":[],"product_cat":[28],"product_tag":[55],"class_list":{"0":"post-4379","1":"product","2":"type-product","3":"status-publish","4":"has-post-thumbnail","6":"brw_tour_types-weekly-riding","7":"product_cat-egypt","8":"product_tag-egypt","10":"first","11":"instock","12":"sale","13":"taxable","14":"shipping-taxable","15":"purchasable","16":"product-type-ovabrw_car_rental"},"_links":{"self":[{"href":"https:\/\/ride4culture.org\/tr\/wp-json\/wp\/v2\/product\/4379","targetHints":{"allow":["GET"]}}],"collection":[{"href":"https:\/\/ride4culture.org\/tr\/wp-json\/wp\/v2\/product"}],"about":[{"href":"https:\/\/ride4culture.org\/tr\/wp-json\/wp\/v2\/types\/product"}],"replies":[{"embeddable":true,"href":"https:\/\/ride4culture.org\/tr\/wp-json\/wp\/v2\/comments?post=4379"}],"wp:featuredmedia":[{"embeddable":true,"href":"https:\/\/ride4culture.org\/tr\/wp-json\/wp\/v2\/media\/9474"}],"wp:attachment":[{"href":"https:\/\/ride4culture.org\/tr\/wp-json\/wp\/v2\/media?parent=4379"}],"wp:term":[{"taxonomy":"product_brand","embeddable":true,"href":"https:\/\/ride4culture.org\/tr\/wp-json\/wp\/v2\/product_brand?post=4379"},{"taxonomy":"product_cat","embeddable":true,"href":"https:\/\/ride4culture.org\/tr\/wp-json\/wp\/v2\/product_cat?post=4379"},{"taxonomy":"product_tag","embeddable":true,"href":"https:\/\/ride4culture.org\/tr\/wp-json\/wp\/v2\/product_tag?post=4379"}],"curies":[{"name":"wp","href":"https:\/\/api.w.org\/{rel}","templated":true}]}}