{"id":9753,"date":"2025-09-22T19:24:58","date_gmt":"2025-09-22T19:24:58","guid":{"rendered":"https:\/\/ride4culture.org\/?post_type=product&#038;p=9753"},"modified":"2026-03-18T21:03:09","modified_gmt":"2026-03-18T21:03:09","slug":"patara-tam-gun-at-bi%cc%87ni%cc%87ci%cc%87li%cc%87gi%cc%87","status":"publish","type":"product","link":"https:\/\/ride4culture.org\/tr\/product\/patara-full-day-horseback-riding\/","title":{"rendered":"Patara tam g\u00fcn s\u00fcr\u00fc\u015f"},"content":{"rendered":"<p>LI\u0307KYA YOLU &amp; PATARA PLAJI<\/p>\n<p>Eminiz ki hayat\u0131n\u0131zda bir kez bile olsa me\u015fhur \u201cLikya Yolu\u201d kelimesini duymu\u015fsunuzdur. E\u011fer duymad\u0131ysan\u0131z, size b\u00f6lge hakk\u0131nda biraz daha bilgi verelim ve bu k\u00fclt\u00fcrel b\u00f6lgemizi daha iyi anlayabilmeniz i\u00e7in sizi gezdirelim.<\/p>\n<p>D\u00fcnyan\u0131n en g\u00fczel rotalar\u0131ndan biri olan Likya yolu, Hisar\u00f6n\u00fc'nden ba\u015flay\u0131p Antalya'ya kadar uzanan 500 km'den fazla uzunlu\u011fuyla \u00fcnl\u00fcd\u00fcr. Ad\u0131n\u0131 bir zamanlar b\u00f6lgede h\u00fck\u00fcm s\u00fcrm\u00fc\u015f olan antik uygarl\u0131k Likya'dan almaktad\u0131r. T\u00fcrkiye'nin ilk uzun mesafe y\u00fcr\u00fcy\u00fc\u015f rotas\u0131 olan bu rota, T\u00fcrkiye'nin baz\u0131 eski yollar\u0131n\u0131 tespit etmek ve korumak amac\u0131yla yap\u0131lm\u0131\u015ft\u0131r. Bu 500 km uzunlu\u011fundaki rota bir\u00e7ok trekkingciye, y\u00fcr\u00fcy\u00fc\u015f\u00e7\u00fcye, da\u011f bisiklet\u00e7isine ve at binicisine ev sahipli\u011fi yapm\u0131\u015ft\u0131r ve \u015fimdi kesinlikle bu rotan\u0131n g\u00fczelliklerini ke\u015ffetme ve at s\u0131rt\u0131nda \u201ctarihte yolculuk yapma\u201d s\u0131ras\u0131n\u0131n sizde oldu\u011funa inan\u0131yoruz.<\/p>\n<p>Bize kat\u0131l\u0131n ve muhte\u015fem deniz manzaras\u0131na a\u00e7\u0131lan kap\u0131lardan ge\u00e7erken \u00e7amlar\u0131n \u00e7ilek a\u011fa\u00e7lar\u0131 ve ke\u00e7iboynuzu ile kar\u0131\u015ft\u0131\u011f\u0131 ve daha y\u00fckseklerde yerini ard\u0131\u00e7 ve sedirlere b\u0131rakt\u0131\u011f\u0131 muhte\u015fem orman\u0131n kokusunu al\u0131n. Bu tur sadece deneyimli biniciler i\u00e7in olup, iyi huylu, y\u00fcksek ruhlu Arap ve Anadolu-Arap \u0131rk\u0131 k\u0131sraklarla g\u00fcnde 8 saat s\u00fcr\u00fc\u015f yapaca\u011f\u0131z.<\/p>\n<p><strong>GEZI\u0307NI\u0307N \u00d6NEMLI\u0307 NOKTALARI<\/strong><\/p>\n<ul>\n<li>Lycain yolu ve Patara plaj\u0131 binicilik y\u00fcr\u00fcy\u00fc\u015f\u00fc<\/li>\n<li>\u00d6\u011fle Yeme\u011fi<\/li>\n<li>Likya yolunda 8 saat at binme<\/li>\n<\/ul>\n<p><strong>S\u00dcR\u00dc\u015e REHBERI\u0307<\/strong><\/p>\n<ul>\n<li>S\u00fcre:1 G\u00fcnl\u00fck Binicilik<\/li>\n<li>Maliyet: 175 $<\/li>\n<li>Operat\u00f6r: Zeki k\u00fct\u00fck<\/li>\n<li>Maksimum Binici Say\u0131s\u0131: 8<\/li>\n<li>Min Biniciler: 2<\/li>\n<li>Ya\u015f: Binicilerimizin \u00e7o\u011fu 28 ya\u015f ve \u00fczerindedir. Psrentsiz \u00e7ocuklar\u0131 veya gen\u00e7leri kabul etmiyoruz<\/li>\n<li>Binicilik Seviyesi: \u0130leri seviye. Do\u011fal oturu\u015f ile uzun y\u0131llar d\u00fczenli binicilik.<\/li>\n<li>A\u011f\u0131rl\u0131k S\u0131n\u0131r\u0131: Maksimum 90kg\/198lbs\/14,2 ta\u015f. Zinde ve at\u0131n\u0131z\u0131 gezdirmeye istekli olmal\u0131s\u0131n\u0131z<\/li>\n<li>Y\u00fckseklikte k\u0131sa s\u00fcreler i\u00e7in teknik ve dik t\u0131rman\u0131\u015flar.<\/li>\n<li>Eyerde ge\u00e7irilen s\u00fcre: G\u00fcnde 8 saat<\/li>\n<\/ul>\n<p><strong>ATLAR<\/strong><\/p>\n<p>Bu, ya\u015fam boyu ileri d\u00fczey s\u00fcr\u00fcc\u00fcler ve cesur gezginler i\u00e7in bir yolculuktur. Vadiler d\u00fczd\u00fcr, bazen tepeleri a\u015fman\u0131z gerekir<br \/>\nBinilen atlar a\u011f\u0131rl\u0131kl\u0131 olarak yerel Arap atlar\u0131d\u0131r, s\u0131cak kanl\u0131, g\u00fc\u00e7l\u00fc ve dayan\u0131kl\u0131d\u0131rlar, \u00e7\u00f6l iklimine ve do\u011faya al\u0131\u015fk\u0131nd\u0131rlar.<\/p>\n<p>Bu nedenle, s\u00fcr\u00fc\u015f deneyimi gereklidir.<\/p>\n<p><strong>NE PAKETLENMEL\u0130<\/strong><\/p>\n<p>Binicilik k\u0131yafetleri, Binicilik ekipmanlar\u0131, G\u00fcne\u015f kremi, G\u00fcne\u015f g\u00f6zl\u00fc\u011f\u00fc, G\u00fc\u00e7 bankas\u0131, Far, Ya\u011fmurluk, Terlik, So\u011fuk olmas\u0131 durumunda s\u0131cak giysiler, L\u00fctfen tog chaps dahil olmak \u00fczere binicilik k\u0131yafetlerinizi haz\u0131r bulundurun.<\/p>\n<p><strong>\u0130NTERNET<\/strong><\/p>\n<p>Safarideyken kendinizi 'fi\u015ften \u00e7ekilmi\u015f' olarak d\u00fc\u015f\u00fcn\u00fcn.<\/p>\n<p>Havaalan\u0131ndan 20 GB i\u00e7in yakla\u015f\u0131k 10$'ye bir sim kart sat\u0131n alabilirsiniz. Cep telefonu \u00e7ekimi s\u00fcr\u00fc\u015flerin ba\u015f\u0131nda ve sonunda mevcuttur, ancak patikada tamamen \u015febekeden uzaks\u0131n\u0131z.<\/p>\n<p><strong>FI\u0307YATLAR + UYGUNLUK<\/strong><\/p>\n<p>\u00dccretsiz Rider Formunu doldurun ve m\u00fcsaitlik durumu ile ilgili size geri d\u00f6n\u00fc\u015f yapal\u0131m Rezervasyonlar depozito al\u0131nd\u0131ktan sonra onaylan\u0131r. Bakiye, kalk\u0131\u015ftan 90 g\u00fcn \u00f6nce \u00f6denmelidir.<\/p>\n<p><strong>ITINERARY\u00a0<\/strong><br \/>\nBu g\u00fczergah sadece bir rehber olarak haz\u0131rlanm\u0131\u015ft\u0131r. Ev sahipleriniz hava ko\u015fullar\u0131ndan yararlanmak i\u00e7in g\u00fczergah\u0131 de\u011fi\u015ftirebilir.<\/p>\n<p><strong>TAR\u0130HLER<\/strong><\/p>\n<p>\u015eu tarihlerden itibaren t\u00fcm tarihler i\u00e7in rezervasyon yap\u0131labilir<\/p>\n<p><em><strong>Ekim 2025'ten May\u0131s 2026'n\u0131n sonuna kadar, <\/strong><\/em><\/p>\n<p>minimum doluluk oran\u0131na tabi olarak <em><strong>2 Misafir<\/strong><\/em><\/p>","protected":false},"excerpt":{"rendered":"<p>LYCIAN WAY &amp; PATARA BEACH We are pretty sure that you have heard the famous word \u201cLycian Way\u201d even once in your life. If not let us tell you a little bit more about the area and take you around so that you have a better grasp of our this cultural site. Lycian way, one [&hellip;]<\/p>\n","protected":false},"featured_media":9738,"comment_status":"open","ping_status":"closed","template":"","meta":[],"product_brand":[],"product_cat":[61],"product_tag":[],"class_list":{"0":"post-9753","1":"product","2":"type-product","3":"status-publish","4":"has-post-thumbnail","6":"brw_tour_types-daily-riding","7":"product_cat-turkey","9":"first","10":"instock","11":"sale","12":"taxable","13":"shipping-taxable","14":"purchasable","15":"product-type-ovabrw_car_rental"},"_links":{"self":[{"href":"https:\/\/ride4culture.org\/tr\/wp-json\/wp\/v2\/product\/9753","targetHints":{"allow":["GET"]}}],"collection":[{"href":"https:\/\/ride4culture.org\/tr\/wp-json\/wp\/v2\/product"}],"about":[{"href":"https:\/\/ride4culture.org\/tr\/wp-json\/wp\/v2\/types\/product"}],"replies":[{"embeddable":true,"href":"https:\/\/ride4culture.org\/tr\/wp-json\/wp\/v2\/comments?post=9753"}],"wp:featuredmedia":[{"embeddable":true,"href":"https:\/\/ride4culture.org\/tr\/wp-json\/wp\/v2\/media\/9738"}],"wp:attachment":[{"href":"https:\/\/ride4culture.org\/tr\/wp-json\/wp\/v2\/media?parent=9753"}],"wp:term":[{"taxonomy":"product_brand","embeddable":true,"href":"https:\/\/ride4culture.org\/tr\/wp-json\/wp\/v2\/product_brand?post=9753"},{"taxonomy":"product_cat","embeddable":true,"href":"https:\/\/ride4culture.org\/tr\/wp-json\/wp\/v2\/product_cat?post=9753"},{"taxonomy":"product_tag","embeddable":true,"href":"https:\/\/ride4culture.org\/tr\/wp-json\/wp\/v2\/product_tag?post=9753"}],"curies":[{"name":"wp","href":"https:\/\/api.w.org\/{rel}","templated":true}]}}