{"id":9755,"date":"2025-09-22T19:31:33","date_gmt":"2025-09-22T19:31:33","guid":{"rendered":"https:\/\/ride4culture.org\/?post_type=product&#038;p=9755"},"modified":"2025-09-22T19:48:11","modified_gmt":"2025-09-22T19:48:11","slug":"kapadokya-tam-gun-surus","status":"publish","type":"product","link":"https:\/\/ride4culture.org\/tr\/product\/cappadocia-full-day-riding\/","title":{"rendered":"Kapadokya'da tam g\u00fcn s\u00fcr\u00fc\u015f"},"content":{"rendered":"<p><strong>KAPADOKYA , G\u00dcZEL ATLAR \u00dcLKESI\u0307<\/strong><\/p>\n<p><strong>Genel Bak\u0131\u015f<\/strong><\/p>\n<p>Kapadokya'da E\u015fsiz Bir Atl\u0131 Safari Deneyimi Kapadokya'n\u0131n b\u00fcy\u00fcleyici manzaras\u0131nda, b\u00f6lgenin en \u00e7arp\u0131c\u0131 vadilerinden baz\u0131lar\u0131nda ata binmenin heyecan\u0131n\u0131 ya\u015fayabilece\u011finiz unutulmaz bir maceraya haz\u0131r m\u0131s\u0131n\u0131z? \u00d6zel olarak tasarlanm\u0131\u015f g\u00fcnl\u00fck turlar\u0131m\u0131z, Kapadokya'n\u0131n do\u011fal g\u00fczelliklerini at s\u0131rt\u0131nda ke\u015ffederken hem huzur hem de heyecan sunuyor. Her s\u00fcr\u00fc\u015fte kendinizi do\u011fan\u0131n kalbiyle \u00e7evrili bamba\u015fka bir d\u00fcnyada hissedeceksiniz.<\/p>\n<p><strong>GEZI\u0307NI\u0307N \u00d6NEMLI\u0307 NOKTALARI<\/strong><\/p>\n<ul>\n<li>Tarihi m\u00fczeler ve atlarla vadi turlar\u0131<\/li>\n<li>T\u00fcm \u00fcnl\u00fc vadilerde ve peri bacalar\u0131nda ata binme<\/li>\n<li>\u00d6\u011fle Yeme\u011fi<\/li>\n<li>Vadilerde 8 saat ata binme<\/li>\n<\/ul>\n<p><strong>S\u00dcR\u00dc\u015e REHBERI\u0307<\/strong><\/p>\n<ul>\n<li>S\u00fcre 1 Tam G\u00fcn Binicilik<\/li>\n<li>Maliyet: 150 Euro<\/li>\n<li>Operat\u00f6r: \u00d6mer \u0130lhan<\/li>\n<li>Maksimum Binici: 16<\/li>\n<li>Min Biniciler: 2<\/li>\n<li>Ya\u015f: Binicilerimizin \u00e7o\u011fu 28 ya\u015f ve \u00fczerindedir. Psrentsiz \u00e7ocuklar\u0131 veya gen\u00e7leri kabul etmiyoruz<\/li>\n<li>Binicilik Seviyesi: \u0130leri seviye. Do\u011fal oturu\u015f ile uzun y\u0131llar d\u00fczenli binicilik.<\/li>\n<li>A\u011f\u0131rl\u0131k S\u0131n\u0131r\u0131: Maksimum 90kg\/198lbs\/14,2 ta\u015f. Zinde ve at\u0131n\u0131z\u0131 gezdirmeye istekli olmal\u0131s\u0131n\u0131z<\/li>\n<li>Y\u00fckseklikte k\u0131sa s\u00fcreler i\u00e7in teknik ve dik t\u0131rman\u0131\u015flar.<\/li>\n<li>Eyerde ge\u00e7irilen s\u00fcre: G\u00fcnde 8 saat<\/li>\n<\/ul>\n<p><strong>ATLAR<\/strong><\/p>\n<p>Bu, ya\u015fam boyu ileri d\u00fczey s\u00fcr\u00fcc\u00fcler ve cesur gezginler i\u00e7in bir yolculuktur. Vadiler d\u00fczd\u00fcr, bazen tepeleri a\u015fman\u0131z gerekir<br \/>\nBinilen atlar a\u011f\u0131rl\u0131kl\u0131 olarak yerel Arap atlar\u0131d\u0131r, s\u0131cak kanl\u0131, g\u00fc\u00e7l\u00fc ve dayan\u0131kl\u0131d\u0131rlar, \u00e7\u00f6l iklimine ve do\u011faya al\u0131\u015fk\u0131nd\u0131rlar.<\/p>\n<p>Bu nedenle, s\u00fcr\u00fc\u015f deneyimi gereklidir.<\/p>\n<p><strong>NE PAKETLENMEL\u0130<\/strong><\/p>\n<p>Binicilik k\u0131yafetleri, Binicilik ekipmanlar\u0131, G\u00fcne\u015f kremi, G\u00fcne\u015f g\u00f6zl\u00fc\u011f\u00fc, G\u00fc\u00e7 bankas\u0131, Far, Ya\u011fmurluk, Terlik, Havlu, So\u011fuk olmas\u0131 durumunda s\u0131cak giysiler, L\u00fctfen tog chaps dahil olmak \u00fczere binicilik k\u0131yafetlerinizi haz\u0131r bulundurun.<\/p>\n<p><strong>\u0130NTERNET<\/strong><\/p>\n<p>Safarideyken kendinizi 'fi\u015ften \u00e7ekilmi\u015f' olarak d\u00fc\u015f\u00fcn\u00fcn.<\/p>\n<p>Havaalan\u0131ndan 20 GB i\u00e7in yakla\u015f\u0131k 10$'ye bir sim kart sat\u0131n alabilirsiniz. Cep telefonu \u00e7ekimi s\u00fcr\u00fc\u015flerin ba\u015f\u0131nda ve sonunda mevcuttur, ancak patikada tamamen \u015febekeden uzaks\u0131n\u0131z.<\/p>\n<p><strong>FI\u0307YATLAR + UYGUNLUK<\/strong><\/p>\n<p>\u00dccretsiz Rider Formunu doldurun ve m\u00fcsaitlik durumu ile ilgili size geri d\u00f6n\u00fc\u015f yapal\u0131m Rezervasyonlar depozito al\u0131nd\u0131ktan sonra onaylan\u0131r. Bakiye, kalk\u0131\u015ftan 90 g\u00fcn \u00f6nce \u00f6denmelidir.<\/p>\n<p><strong>ITINERARY\u00a0<\/strong><br \/>\nBu g\u00fczergah sadece bir rehber olarak haz\u0131rlanm\u0131\u015ft\u0131r. Ev sahipleriniz hava ko\u015fullar\u0131ndan yararlanmak i\u00e7in g\u00fczergah\u0131 de\u011fi\u015ftirebilir.<\/p>\n<p><strong>TAR\u0130HLER<\/strong><\/p>\n<p>Bu, en az 2 misafir i\u00e7in t\u00fcm tarihler i\u00e7in mevcuttur<\/p>","protected":false},"excerpt":{"rendered":"<p>CAPPADOCIA , THE LAND OF THE BEAUTIFUL HORSES OVERVIEW A Unique Horseback Safari Experience in Cappadocia Are you ready for an unforgettable adventure in the enchanting landscape of Cappadocia, where you can experience the thrill of horseback riding through some of the most stunning valleys in the region? Our specially designed daily tours offer both [&hellip;]<\/p>\n","protected":false},"featured_media":9719,"comment_status":"open","ping_status":"closed","template":"","meta":[],"product_brand":[],"product_cat":[61],"product_tag":[55],"class_list":{"0":"post-9755","1":"product","2":"type-product","3":"status-publish","4":"has-post-thumbnail","6":"brw_tour_types-daily-riding","7":"product_cat-turkey","8":"product_tag-egypt","10":"first","11":"instock","12":"sale","13":"taxable","14":"shipping-taxable","15":"purchasable","16":"product-type-ovabrw_car_rental"},"_links":{"self":[{"href":"https:\/\/ride4culture.org\/tr\/wp-json\/wp\/v2\/product\/9755","targetHints":{"allow":["GET"]}}],"collection":[{"href":"https:\/\/ride4culture.org\/tr\/wp-json\/wp\/v2\/product"}],"about":[{"href":"https:\/\/ride4culture.org\/tr\/wp-json\/wp\/v2\/types\/product"}],"replies":[{"embeddable":true,"href":"https:\/\/ride4culture.org\/tr\/wp-json\/wp\/v2\/comments?post=9755"}],"wp:featuredmedia":[{"embeddable":true,"href":"https:\/\/ride4culture.org\/tr\/wp-json\/wp\/v2\/media\/9719"}],"wp:attachment":[{"href":"https:\/\/ride4culture.org\/tr\/wp-json\/wp\/v2\/media?parent=9755"}],"wp:term":[{"taxonomy":"product_brand","embeddable":true,"href":"https:\/\/ride4culture.org\/tr\/wp-json\/wp\/v2\/product_brand?post=9755"},{"taxonomy":"product_cat","embeddable":true,"href":"https:\/\/ride4culture.org\/tr\/wp-json\/wp\/v2\/product_cat?post=9755"},{"taxonomy":"product_tag","embeddable":true,"href":"https:\/\/ride4culture.org\/tr\/wp-json\/wp\/v2\/product_tag?post=9755"}],"curies":[{"name":"wp","href":"https:\/\/api.w.org\/{rel}","templated":true}]}}