{"id":9758,"date":"2025-12-18T18:24:17","date_gmt":"2025-12-18T18:24:17","guid":{"rendered":"https:\/\/ride4culture.org\/?post_type=product&#038;p=9758"},"modified":"2026-03-06T20:08:11","modified_gmt":"2026-03-06T20:08:11","slug":"21-mart-29-mart-2026-guney-afri%cc%87ka","status":"publish","type":"product","link":"https:\/\/ride4culture.org\/tr\/product\/21-march-29-march-2026-south-africa\/","title":{"rendered":"21 MART-29 MART 2026 G\u00dcNEY AFRI\u0307KA"},"content":{"rendered":"<p><strong>G\u00dcNEY AFR\u0130KA<\/strong><\/p>\n<p><strong>Genel Bak\u0131\u015f<\/strong><\/p>\n<p>Afrika'n\u0131n b\u00fcy\u00fcleyici vah\u015fi do\u011fas\u0131nda unutulmaz bir yolculu\u011fa \u00e7\u0131kmaya haz\u0131r olun! Johannesburg'un do\u011fal ortam\u0131nda zebralar ve zarif z\u00fcrafalar e\u015fli\u011finde ata binmenin keyfini \u00e7\u0131kar\u0131n ve e\u015fsiz, do\u011fal bir deneyim ya\u015fay\u0131n. Ard\u0131ndan, Afrika'n\u0131n en \u00fcnl\u00fc vah\u015fi ya\u015fam\u0131yla tan\u0131\u015fma zaman\u0131: aslanlar\u0131, filleri, bufalolar\u0131, leoparlar\u0131 ve gergedanlar\u0131 yak\u0131ndan g\u00f6rece\u011finiz heyecan verici bir Big 5 jeep safarisinde adrenalin ve hu\u015fu sizi bekliyor.<\/p>\n<p>Macera dolu bu anlardan sonra var\u0131\u015f noktam\u0131z G\u00fcney Afrika'n\u0131n incisi Cape Town. Masmavi okyanusu, g\u00f6rkemli Masa Da\u011f\u0131 manzaras\u0131, \u00fcz\u00fcm ba\u011flar\u0131 ve k\u00fclt\u00fcrel zenginlikleriyle Cape Town sizi hem b\u00fcy\u00fcleyecek hem de dinlendirecek.<\/p>\n<p>Do\u011fayla i\u00e7 i\u00e7e, ke\u015fif dolu ve unutulmaz an\u0131larla dolu bu programla Afrika'y\u0131 en \u00f6zel haliyle deneyimlemeye davetlisiniz!<\/p>\n<p><strong>GEZI\u0307NI\u0307N \u00d6NEMLI\u0307 NOKTALARI<\/strong><\/p>\n<ul>\n<li>\u00a0Johannesburg Havaliman\u0131'ndan Transfer<\/li>\n<li>\u00a0Vah\u015fi e\u011fitim ve binicilik \u00e7iftli\u011finde 3 gece konaklama<\/li>\n<li>\u00a0Zebralar, Z\u00fcrafalar, Bufallolar, Ostrichler ile Do\u011fada At Binme<\/li>\n<li>\u00a0Aslanlarla yaban hayat\u0131 e\u011fitimi<\/li>\n<li>\u00a0B\u00fcy\u00fck 5 jeep sahari (Aslanlar, Leoparlar, Filler, Gergedanlar ve bufallolar)<\/li>\n<li>\u00a0Afrika Pazarlar\u0131<\/li>\n<li>\u00a0Polo deneyimi<\/li>\n<li>\u00a0Johannesburg havaalan\u0131na transfer ve Capetown'a u\u00e7u\u015f<\/li>\n<li>\u00a0Havaalan\u0131ndan 4 y\u0131ld\u0131zl\u0131 otele transfer<\/li>\n<li>\u00a04 y\u0131ld\u0131zl\u0131 otelde kahvalt\u0131 dahil konaklama<\/li>\n<li>\u00a0Masa Da\u011f\u0131, Color Houeses, Franschoek Hop-on Hop-off \u015farap testi tramvay turu<\/li>\n<li>\u00a0Champsman's yolu, Fok adas\u0131 gemi turu<\/li>\n<li>\u00a0Cape Point, Good Hope Do\u011fa Koruma Alan\u0131 turu<\/li>\n<li>\u00a0Nesli t\u00fckenmekte olan Afrika penguenlerini do\u011fal ortamlar\u0131nda g\u00f6r\u00fcn<\/li>\n<li>\u00a0Champsman'\u0131n 1960 model Shellby Cobra arabalar\u0131yla zirve s\u00fcr\u00fc\u015f\u00fc<\/li>\n<li>\u00a0Helikopter turu<\/li>\n<li>\u00a0K\u00f6pekbal\u0131klar\u0131 ve balinalarla kafes dal\u0131\u015f\u0131 ve cruise turu<\/li>\n<li>\u00a0Cape Town Havaliman\u0131'na Transfer<\/li>\n<\/ul>\n<p><strong>S\u00dcR\u00dc\u015e REHBERI\u0307<\/strong><\/p>\n<ul>\n<li>S\u00fcre: 9 G\u00fcn \/ 8 Gece \/ 2 G\u00fcn Binicilik<\/li>\n<li>Maliyet:<\/li>\n<li>Operat\u00f6r: zeki k\u00fct\u00fck<\/li>\n<li>Maksimum Binici: 14<\/li>\n<li>Min Biniciler: 10<\/li>\n<li>Ya\u015f: Binicilerimizin \u00e7o\u011fu 16+ ya\u015f\u0131ndad\u0131r. Psrentsiz \u00e7ocuklar\u0131 veya gen\u00e7leri kabul etmiyoruz<\/li>\n<li>Kalk\u0131yor: \u0130stanbul Havaliman\u0131<\/li>\n<li>Binicilik Seviyesi: \u0130leri seviye. Do\u011fal oturu\u015f ile uzun y\u0131llar d\u00fczenli binicilik.<\/li>\n<li>A\u011f\u0131rl\u0131k S\u0131n\u0131r\u0131: Maksimum 90kg\/198lbs\/14,2 ta\u015f. Zinde ve at\u0131n\u0131z\u0131 gezdirmeye istekli olmal\u0131s\u0131n\u0131z<\/li>\n<li>Y\u00fckseklikte k\u0131sa s\u00fcreler i\u00e7in teknik ve dik t\u0131rman\u0131\u015flar.<\/li>\n<li>Eyerde ge\u00e7irilen s\u00fcre: G\u00fcnde 2 saat<\/li>\n<\/ul>\n<p><strong>ATLAR<\/strong><\/p>\n<p>G\u00fcney Afrika safarilerinde atlar dayan\u0131kl\u0131l\u0131klar\u0131, miza\u00e7lar\u0131 ve vah\u015fi do\u011fada geli\u015febilme yetenekleri i\u00e7in \u00f6zenle se\u00e7ilir. En pop\u00fcler \u0131rklar aras\u0131nda Boerperd, Basuto ve Arap melezleri yer almaktad\u0131r. Boerperdler g\u00fc\u00e7leri ve uzun mesafelerdeki istikrarl\u0131 yap\u0131lar\u0131yla tan\u0131n\u0131rken, Basuto midillileri \u00e7evik ve emin ad\u0131mlarla ilerlediklerinden zorlu araziler i\u00e7in idealdir. Arap ve s\u0131cakkanl\u0131 melezler safari deneyimine zarafet, dayan\u0131kl\u0131l\u0131k ve incelik katar.<\/p>\n<p>Bu atlar gen\u00e7 ya\u015flardan itibaren do\u011fal ortamlara uyum sa\u011flama, yaban hayat\u0131na kar\u015f\u0131 duyars\u0131zla\u015ft\u0131rma ve gruplar halinde sakin davranmaya odaklanan \u00f6zel bir e\u011fitimden ge\u00e7mektedir. Bu e\u011fitimin amac\u0131 hem binicilerin g\u00fcvenli\u011fini hem de do\u011fayla uyumu sa\u011flamakt\u0131r. Sonu\u00e7 olarak, safari s\u00fcr\u00fc\u015fleri s\u0131ras\u0131nda atlar zebralar, z\u00fcrafalar veya antiloplarla kar\u015f\u0131la\u015ft\u0131klar\u0131nda bile sakin kalmakta ve binicilerin yaban hayat\u0131na sessizce yakla\u015fmalar\u0131na ve at s\u0131rt\u0131nda ger\u00e7ek bir Afrika deneyiminin tad\u0131n\u0131 \u00e7\u0131karmalar\u0131na olanak sa\u011flamaktad\u0131r<\/p>\n<p><strong>KONAKLAMA VAH\u015eI E\u011eITIM VE AT SIRTINDA BINICILIK MERKEZI \/ 4* OTEL\u00a0<\/strong><\/p>\n<ul>\n<li>Johannesburg'da bir padise resort ve vah\u015fi e\u011fitim merkezi otelinde ve CapeTown'da Cresta Grande 4* Hotel'de \u00fc\u00e7 gece kal\u0131yoruz<\/li>\n<li>\u00a0Konaklama birimlerimiz en fazla iki ki\u015filik payla\u015f\u0131ml\u0131 odalard\u0131r.<\/li>\n<li>Yaln\u0131z kalmak isterseniz, g\u00fcnl\u00fck $ 70 ekstra \u00fccret al\u0131nmaktad\u0131r.<\/li>\n<\/ul>\n<p>Binicilik k\u0131yafetleri, Binicilik ekipmanlar\u0131, G\u00fcne\u015f kremi, G\u00fcne\u015f g\u00f6zl\u00fc\u011f\u00fc, G\u00fc\u00e7 bankas\u0131, Far, Ya\u011fmurluk, Terlik, Havlu, So\u011fuk olmas\u0131 durumunda s\u0131cak giysiler, L\u00fctfen tog chaps dahil olmak \u00fczere binicilik k\u0131yafetlerinizi haz\u0131r bulundurun.<\/p>\n<p><strong>YEMEKLER<\/strong><\/p>\n<p>G\u00fcney Afrika mutfa\u011f\u0131, farkl\u0131 k\u00fclt\u00fcrlerden gelen lezzetlerin e\u015fsiz bir kar\u0131\u015f\u0131m\u0131n\u0131 sunar. Baharatl\u0131 etler, me\u015fhur braai barbek\u00fcleri ve tatl\u0131 malva pudingi her lokmaya hayat verir ve hem \u00fclkenin zengin do\u011fas\u0131n\u0131 hem de canl\u0131 k\u00fclt\u00fcr\u00fcn\u00fc yans\u0131t\u0131r.<\/p>\n<p><strong>\u0130NTERNET<\/strong><\/p>\n<p>Safarideyken kendinizi 'fi\u015ften \u00e7ekilmi\u015f' olarak d\u00fc\u015f\u00fcn\u00fcn.<\/p>\n<p>Havaalan\u0131ndan 20 GB i\u00e7in yakla\u015f\u0131k 10$'ye bir sim kart sat\u0131n alabilirsiniz. Cep telefonu \u00e7ekimi s\u00fcr\u00fc\u015flerin ba\u015f\u0131nda ve sonunda mevcuttur, ancak patikada tamamen \u015febekeden uzaks\u0131n\u0131z.<br \/>\nDestek ara\u00e7lar\u0131nda k\u00fc\u00e7\u00fck cihazlar i\u00e7in 12 voltluk usb \u015farj cihazlar\u0131 bulunmaktad\u0131r.<\/p>\n<p><strong>FI\u0307YATLAR + UYGUNLUK<\/strong><\/p>\n<p>\u00dccretsiz Rider Formunu doldurun ve m\u00fcsaitlik durumu ile ilgili size geri d\u00f6n\u00fc\u015f yapal\u0131m Rezervasyonlar depozito al\u0131nd\u0131ktan sonra onaylan\u0131r. Bakiye, kalk\u0131\u015ftan 90 g\u00fcn \u00f6nce \u00f6denmelidir.<\/p>\n<p><strong>U\u00c7U\u015eLAR<\/strong><\/p>\n<div class=\"av__style_flight-date__nfdcp\"><strong>21 Mart Cumartesi<\/strong><\/div>\n<div class=\"av__style_flight-info__bRLyu\"><span class=\"av__style_bullet-after__bK4T5\">IST-JNB<\/span>02:05 - 10:50<\/div>\n<div class=\"av__style_flight-plane__aQQS5\">TK38 - Airbus A350-900 - Geni\u015f g\u00f6vde<\/div>\n<div><strong>29 Mart Pazar<\/strong><\/div>\n<div>\n<div class=\"av__style_flight-info__bRLyu\"><span class=\"av__style_bullet-after__bK4T5\">CPT-IST<\/span>17:15 - 05:35<span class=\"av__PurchaseDetailWrapper_dayChangeText___ePzO\">09\u00a0<\/span><\/div>\n<div class=\"av__style_flight-plane__aQQS5\">TK45 - Airbus A350-900 - Geni\u015f g\u00f6vde<\/div>\n<\/div>\n<p><strong>ITINERARY<\/strong><br \/>\nBu g\u00fczergah sadece bir rehber olarak haz\u0131rlanm\u0131\u015ft\u0131r. Ev sahipleriniz hava ko\u015fullar\u0131ndan yararlanmak i\u00e7in g\u00fczergah\u0131 de\u011fi\u015ftirebilir.<\/p>","protected":false},"excerpt":{"rendered":"<ul>\n<li>Sahte sosyal medya hesaplar\u0131 \u00fczerinden yap\u0131lan bir se\u00e7im haberine rastlamadan haber okumak neredeyse imkans\u0131z...<\/li>\n<\/ul>","protected":false},"featured_media":9652,"comment_status":"open","ping_status":"closed","template":"","meta":[],"product_brand":[],"product_cat":[28],"product_tag":[57],"class_list":{"0":"post-9758","1":"product","2":"type-product","3":"status-publish","4":"has-post-thumbnail","6":"product_cat-egypt","7":"product_tag-south-africa","9":"first","10":"instock","11":"sale","12":"taxable","13":"shipping-taxable","14":"purchasable","15":"product-type-ovabrw_car_rental"},"_links":{"self":[{"href":"https:\/\/ride4culture.org\/tr\/wp-json\/wp\/v2\/product\/9758","targetHints":{"allow":["GET"]}}],"collection":[{"href":"https:\/\/ride4culture.org\/tr\/wp-json\/wp\/v2\/product"}],"about":[{"href":"https:\/\/ride4culture.org\/tr\/wp-json\/wp\/v2\/types\/product"}],"replies":[{"embeddable":true,"href":"https:\/\/ride4culture.org\/tr\/wp-json\/wp\/v2\/comments?post=9758"}],"wp:featuredmedia":[{"embeddable":true,"href":"https:\/\/ride4culture.org\/tr\/wp-json\/wp\/v2\/media\/9652"}],"wp:attachment":[{"href":"https:\/\/ride4culture.org\/tr\/wp-json\/wp\/v2\/media?parent=9758"}],"wp:term":[{"taxonomy":"product_brand","embeddable":true,"href":"https:\/\/ride4culture.org\/tr\/wp-json\/wp\/v2\/product_brand?post=9758"},{"taxonomy":"product_cat","embeddable":true,"href":"https:\/\/ride4culture.org\/tr\/wp-json\/wp\/v2\/product_cat?post=9758"},{"taxonomy":"product_tag","embeddable":true,"href":"https:\/\/ride4culture.org\/tr\/wp-json\/wp\/v2\/product_tag?post=9758"}],"curies":[{"name":"wp","href":"https:\/\/api.w.org\/{rel}","templated":true}]}}