{"id":9762,"date":"2025-12-29T11:17:01","date_gmt":"2025-12-29T11:17:01","guid":{"rendered":"https:\/\/ride4culture.org\/?post_type=product&#038;p=9762"},"modified":"2025-12-29T14:12:41","modified_gmt":"2025-12-29T14:12:41","slug":"atlar-i%cc%87le-i%cc%87lk-temas-ve-nefes-kampi","status":"publish","type":"product","link":"https:\/\/ride4culture.org\/tr\/product\/atlar-ile-ilk-temas-ve-nefes-kampi\/","title":{"rendered":"ATLARLA I\u0307LK TEMAS NEFES TERAPI\u0307SI\u0307 KAMPI"},"content":{"rendered":"<p><strong>NEFES TERAPI\u0307 KAMPI <\/strong><\/p>\n<p>Do\u011fan\u0131n kalbinde, nefesin rehberli\u011finde yava\u015flamaya davetlisiniz.<br \/>\nBu kampta yaln\u0131zca nefesle de\u011fil; atlar\u0131n sessiz bilgeli\u011fiyle de temas ediyoruz.<br \/>\nAtlar yarg\u0131s\u0131zd\u0131r. Anda kal\u0131rlar.<br \/>\nKalbin ritmini, nefesin h\u0131z\u0131n\u0131, bedenin gerginli\u011fini biz fark etmeden hissederler.<br \/>\nBu y\u00fczden onlar sadece e\u015flik\u00e7i de\u011fil; birle\u015ftirici, \u00f6\u011fretici ve iyile\u015ftirici rehberlerdir.<br \/>\nBir atla yan yana durmak, insan\u0131n kendisiyle temas\u0131n\u0131 derinle\u015ftirir.<br \/>\nNefes uyumland\u0131k\u00e7a, beden gev\u015fer;<br \/>\nbeden gev\u015fedik\u00e7e, zihin sakinle\u015fir.<br \/>\nAt, bu dengeyi zorlamadan \u00f6\u011fretir.<br \/>\nBu deneyim;<br \/>\ninsan insana,<br \/>\nbedeni ruha,<br \/>\nnefesi ana ba\u011flayan<br \/>\ndo\u011fal bir bulu\u015fma alan\u0131d\u0131r.<br \/>\n\u015eehrin g\u00fcr\u00fclt\u00fcs\u00fcnden uzak,<br \/>\ndo\u011fan\u0131n i\u00e7inde,<br \/>\natlar\u0131n sakin g\u00fcc\u00fc e\u015fli\u011finde<br \/>\nkendinle yeniden bir araya gelme yolculu\u011fu...<br \/>\n\u00c7\u00fcnk\u00fc bazen iyile\u015fme, anlatmakla olmaz;<br \/>\nAyn\u0131 anda, ayn\u0131 nefeste, ayn\u0131 kalpte bulu\u015fmakla ba\u015flar.<\/p>\n<p>&nbsp;<\/p>\n<p><strong>LI\u0307KYA YOLU PATARA SAHI\u0307LI\u0307<\/strong><\/p>\n<p>Hayat\u0131n\u0131zda en az bir kez \u201cLikya Yolu\u201d ad\u0131n\u0131 duymu\u015fsunuzdur diye d\u00fc\u015f\u00fcn\u00fcyoruz. Duymad\u0131ysan\u0131z, size bu b\u00f6lge hakk\u0131nda biraz daha bilgi verelim ve bu k\u00fclt\u00fcrel alan\u0131 daha iyi anlaman\u0131z i\u00e7in sizi gezdirelim.<\/p>\n<p>D\u00fcnyan\u0131n en g\u00fczel rotalar\u0131ndan biri olan Likya Yolu, Hisar\u00f6n\u00fc'nden ba\u015flay\u0131p Antalya'ya uzanan 500 km'den fazla uzunlu\u011fuyla \u00fcnl\u00fcd\u00fcr. Ad\u0131n\u0131, bir zamanlar b\u00f6lgeye h\u00fckmetmi\u015f olan Antik Likya medeniyetinden almaktad\u0131r. T\u00fcrkiye'nin ilk uzun mesafeli y\u00fcr\u00fcy\u00fc\u015f rotas\u0131 olan bu yol, T\u00fcrkiye'nin eski yollar\u0131ndan baz\u0131lar\u0131n\u0131 belirlemek ve korumak amac\u0131yla olu\u015fturulmu\u015ftur. Bu 500 km'lik rota, bir\u00e7ok y\u00fcr\u00fcy\u00fc\u015f\u00e7\u00fc, da\u011fc\u0131, bisiklet\u00e7i ve atl\u0131 biniciye ev sahipli\u011fi yapm\u0131\u015ft\u0131r ve kesinlikle inan\u0131yoruz ki, \u015fimdi s\u0131ra sizde; bu g\u00fczellikleri ke\u015ffedin ve s\u0131rt\u0131nda \u201ctarihte yolculuk\u201d yap\u0131n.<\/p>\n<p>Bize kat\u0131l\u0131n ve muhte\u015fem orman kokusunu i\u00e7inize \u00e7ekin; \u00c7am a\u011fa\u00e7lar\u0131n\u0131n \u00e7ilek ve ke\u00e7iboynuzu a\u011fa\u00e7lar\u0131yla kar\u0131\u015ft\u0131\u011f\u0131, daha y\u00fcksek rak\u0131mlarda ise ard\u0131\u00e7 ve sedir a\u011fa\u00e7lar\u0131n\u0131n yer ald\u0131\u011f\u0131, muhte\u015fem deniz manzaras\u0131na a\u00e7\u0131lan kap\u0131lardan ge\u00e7ilen bir b\u00f6lge. Bu tur sadece deneyimli biniciler i\u00e7indir ve her g\u00fcn 2 saat boyunca iyi huylu, ne\u015feli Arap ve Anadolu-Arap cinsi k\u0131sraklarla binicilik yapaca\u011f\u0131z.<\/p>\n<p><strong>GEZI\u0307 \u00d6NE \u00c7IKANLARI<\/strong><\/p>\n<ul>\n<li>Nefes Terapisi ve E\u011fitimleri<\/li>\n<li>Atlar ile ilk temalar, tan\u0131\u015fma ve liderlik e\u011fitimi<\/li>\n<li>Likya Yolu ve Patara Plaj\u0131'nda atl\u0131 y\u00fcr\u00fcy\u00fc\u015f turu<\/li>\n<li>\u00d6\u011fle aras\u0131 at\u0131\u015ft\u0131rmal\u0131klar<\/li>\n<li>Patara orman\u0131 ve plaj\u0131nda g\u00fcnl\u00fck 2 saat at binme<\/li>\n<li>Transferler<\/li>\n<li>Konaklama<\/li>\n<\/ul>\n<p><strong>REHBERL\u0130KLER<\/strong><\/p>\n<ul>\n<li>S\u00fcre: 2 G\u00fcn<\/li>\n<li>\u00dccret: 420 $<\/li>\n<li>Operat\u00f6r: Elif Zerrin Acar<\/li>\n<li>Maksimum Binici: 8<\/li>\n<li>Minimum Binici: 2<\/li>\n<li>Ya\u015f: Binicilerimizin \u00e7o\u011fu 18 ya\u015f ve \u00fczerindedir. Ebeveynsiz \u00e7ocuk veya gen\u00e7leri kabul etmiyoruz.<\/li>\n<li>Binicilik Seviyesi: Ba\u015flang\u0131\u00e7<\/li>\n<li>A\u011f\u0131rl\u0131k S\u0131n\u0131r\u0131: Maksimum 90 kg\/198 lbs\/14,2 ta\u015f.<\/li>\n<li>Binicilik S\u00fcresi: G\u00fcnde 2 saat<\/li>\n<\/ul>\n<p><strong>GEZ\u0130 PROGRAMI<\/strong><\/p>\n<p><strong>Atlarla \u0130lk Temas ve Nefes Kamp\u0131<\/strong><\/p>\n<p>9-11 Ocak 2026 | Patara<\/p>\n<p>9 Ocak Cuma - Var\u0131\u015f &amp; Yerle\u015fme<br \/>\n- Dalaman Havaliman\u0131'na var\u0131\u015f<br \/>\n- Havaliman\u0131 - otel transferi<br \/>\n- Otele yerle\u015fme<br \/>\n- Serbest zaman ve dinlenme<\/p>\n<p>\u2e3b<\/p>\n<p><strong>11 Ocak Pazar - 2. G\u00fcn G\u00fcn<\/strong><br \/>\n- 08:00 - 09:00 | Kahvalt\u0131<br \/>\n- 09:30 - 10:30 | Nefes \u00e7al\u0131\u015fmas\u0131<br \/>\n- 10:45 - 12:30 | Atlarla temas\u0131n derinle\u015fmesi, bini\u015f ve tur<br \/>\n- 12:30 - 14:00 | \u00d6\u011fle yeme\u011fi<br \/>\n- 14:00 - 15:30 | Kapan\u0131\u015f &amp; de\u011ferlendirme<br \/>\n- Ak\u015fam | Otelden havaliman\u0131na transfer<\/p>\n<p><strong>I\u0307HTI\u0307YAC LI\u0307STESI\u0307<\/strong><\/p>\n<p>Kat\u0131l\u0131mc\u0131lardan \u0130stenenler<\/p>\n<p>Nefes \u00c7al\u0131\u015fmalar\u0131 \u0130\u00e7in<br \/>\n- Nefes \u00e7al\u0131\u015fmalar\u0131 s\u0131ras\u0131nda kullan\u0131lmak \u00fczere ki\u015fisel mat<br \/>\n- Rahat hareket edilebilen, bedeni s\u0131kmayan k\u0131yafetler<br \/>\n- \u0130nce bir battaniye veya \u015fal (iste\u011fe ba\u011fl\u0131)<\/p>\n<p>Atlarla \u00c7al\u0131\u015fmalar \u0130\u00e7in<br \/>\n- Dar pa\u00e7al\u0131 pantolon \/ tayt (bini\u015fe uygun)<br \/>\n- Spor ayakkab\u0131 veya d\u00fcz tabanl\u0131, kapal\u0131 ayakkab\u0131<br \/>\n- Mevsime uygun rahat \u00fcst giyim<\/p>\n<p>\u0130LET\u0130\u015e\u0130M<\/p>\n<ul>\n<li>Nefes terapisti Elif Zerrin ACAR 0532 581 99 39<\/li>\n<li>\u015eirket yetkilisi Zeynep DALKILI\u00c7 0543710 62 33<\/li>\n<li>Mail info@ride4culture.org , zeki@ride4culture.org<\/li>\n<\/ul>\n<p>&nbsp;<\/p>","protected":false},"excerpt":{"rendered":"<p>NEFES TERAP\u0130 KAMPI Do\u011fan\u0131n kalbinde, nefesin rehberli\u011finde yava\u015flamaya davetlisiniz. Bu kampta yaln\u0131zca nefesle de\u011fil; atlar\u0131n sessiz bilgeli\u011fiyle de temas ediyoruz. Atlar yarg\u0131s\u0131zd\u0131r. Anda kal\u0131rlar. Kalbin ritmini, nefesin h\u0131z\u0131n\u0131, bedenin gerginli\u011fini biz fark etmeden hissederler. Bu y\u00fczden onlar sadece e\u015flik\u00e7i de\u011fil; birle\u015ftirici, \u00f6\u011fretici ve iyile\u015ftirici rehberlerdir. Bir atla yan yana durmak, insan\u0131n kendisiyle temas\u0131n\u0131 derinle\u015ftirir. Nefes [&hellip;]<\/p>\n","protected":false},"featured_media":9739,"comment_status":"open","ping_status":"closed","template":"","meta":[],"product_brand":[],"product_cat":[61],"product_tag":[],"class_list":{"0":"post-9762","1":"product","2":"type-product","3":"status-publish","4":"has-post-thumbnail","6":"product_cat-turkey","8":"first","9":"instock","10":"sale","11":"taxable","12":"shipping-taxable","13":"purchasable","14":"product-type-ovabrw_car_rental"},"_links":{"self":[{"href":"https:\/\/ride4culture.org\/tr\/wp-json\/wp\/v2\/product\/9762","targetHints":{"allow":["GET"]}}],"collection":[{"href":"https:\/\/ride4culture.org\/tr\/wp-json\/wp\/v2\/product"}],"about":[{"href":"https:\/\/ride4culture.org\/tr\/wp-json\/wp\/v2\/types\/product"}],"replies":[{"embeddable":true,"href":"https:\/\/ride4culture.org\/tr\/wp-json\/wp\/v2\/comments?post=9762"}],"wp:featuredmedia":[{"embeddable":true,"href":"https:\/\/ride4culture.org\/tr\/wp-json\/wp\/v2\/media\/9739"}],"wp:attachment":[{"href":"https:\/\/ride4culture.org\/tr\/wp-json\/wp\/v2\/media?parent=9762"}],"wp:term":[{"taxonomy":"product_brand","embeddable":true,"href":"https:\/\/ride4culture.org\/tr\/wp-json\/wp\/v2\/product_brand?post=9762"},{"taxonomy":"product_cat","embeddable":true,"href":"https:\/\/ride4culture.org\/tr\/wp-json\/wp\/v2\/product_cat?post=9762"},{"taxonomy":"product_tag","embeddable":true,"href":"https:\/\/ride4culture.org\/tr\/wp-json\/wp\/v2\/product_tag?post=9762"}],"curies":[{"name":"wp","href":"https:\/\/api.w.org\/{rel}","templated":true}]}}