{"id":9884,"date":"2026-02-20T12:55:50","date_gmt":"2026-02-20T12:55:50","guid":{"rendered":"https:\/\/ride4culture.org\/?post_type=product&#038;p=9884"},"modified":"2026-02-24T07:17:51","modified_gmt":"2026-02-24T07:17:51","slug":"19-22-mart-kenya-safari%cc%87-deneyi%cc%87mi%cc%87-kopya","status":"publish","type":"product","link":"https:\/\/ride4culture.org\/tr\/product\/19-22-march-kenya-safari-experience-kopya\/","title":{"rendered":"19-22 MART KENYA SAFAR\u0130 DENEY\u0130M\u0130 (Kopya)"},"content":{"rendered":"<h2><strong>KENYA SAFARI\u0307 DENEYI\u0307MI\u0307<\/strong><\/h2>\n<p><strong>Genel Bak\u0131\u015f<\/strong><\/p>\n<p data-start=\"44\" data-end=\"328\">Sakin g\u00f6ller aras\u0131nda ba\u015flay\u0131p savanan\u0131n kalbine do\u011fru uzanan unutulmaz bir yolculukla Kenya'n\u0131n b\u00fcy\u00fcs\u00fcn\u00fc ke\u015ffedin. <strong data-start=\"180\" data-end=\"207\">Kenya Safari Deneyimi<\/strong> sakin g\u00fczelli\u011finde ba\u015flar <span class=\"hover:entity-accent entity-underline inline cursor-pointer align-baseline\"><span class=\"whitespace-normal\">Naivasha G\u00f6l\u00fc<\/span><\/span>, do\u011fan\u0131n maceran\u0131z\u0131n tonunu belirledi\u011fi yer.<\/p>\n<p data-start=\"330\" data-end=\"642\">Naivasha G\u00f6l\u00fc'ndeki do\u011fal tekne safariniz s\u0131ras\u0131nda, B\u00fcy\u00fck Rift Vadisi'nin huzurlu atmosferinin tad\u0131n\u0131 \u00e7\u0131kar\u0131rken suayg\u0131rlar\u0131, pelikanlar ve g\u00f6rkemli Afrika bal\u0131k kartallar\u0131yla kar\u015f\u0131la\u015fabilirsiniz. Do\u011fayla i\u00e7 i\u00e7e benzersiz bir glamping konaklama konfor, mahremiyet ve Afrika g\u00f6ky\u00fcz\u00fcn\u00fcn alt\u0131nda s\u00fcr\u00fckleyici bir a\u00e7\u0131k hava deneyimi sunar.<\/p>\n<p data-start=\"644\" data-end=\"946\">Yolculuk daha sonra Nairobi'de heyecan verici bir vah\u015fi ya\u015fam kar\u015f\u0131la\u015fmas\u0131 i\u00e7in devam ediyor <span class=\"hover:entity-accent entity-underline inline cursor-pointer align-baseline\"><span class=\"whitespace-normal\">Nairobi Ulusal Park\u0131<\/span><\/span> - D\u00fcnyada bir ba\u015fkentin sil\u00fcetinin yan\u0131nda bulunan tek milli park. Burada aslanlar\u0131, gergedanlar\u0131, z\u00fcrafalar\u0131, bufalolar\u0131 ve di\u011fer ikonik vah\u015fi ya\u015fam\u0131 do\u011fal ortamlar\u0131nda g\u00f6zlemleyebilirsiniz.<\/p>\n<p data-start=\"948\" data-end=\"1208\">Deneyiminiz anlaml\u0131 bir ziyaretle daha da zenginle\u015fecek <span class=\"hover:entity-accent entity-underline inline cursor-pointer align-baseline\"><span class=\"whitespace-normal\">David Sheldrick Fil Yetimhanesi<\/span><\/span>, Kurtar\u0131lan fil yavrular\u0131n\u0131n rehabilite edildi\u011fi ve Rothschild z\u00fcrafalar\u0131yla unutulmaz bir yak\u0131n kar\u015f\u0131la\u015fman\u0131n ya\u015fand\u0131\u011f\u0131 <span class=\"hover:entity-accent entity-underline inline cursor-pointer align-baseline\"><span class=\"whitespace-normal\">Z\u00fcrafa Merkezi<\/span><\/span>.<\/p>\n<p data-start=\"1210\" data-end=\"1363\">Maksimum 10 misafir, profesyonel rehberlik ve \u00f6zenle se\u00e7ilmi\u015f konaklama birimleri ile bu yolculuk otantiklik, konfor ve ayr\u0131cal\u0131\u011f\u0131 bir araya getiriyor.<\/p>\n<p data-start=\"1365\" data-end=\"1543\" data-is-last-node=\"\" data-is-only-node=\"\">Kenya Safari Deneyimi, ger\u00e7ek bir Afrika maceras\u0131 arayan gezginler i\u00e7in tasarlanm\u0131\u015ft\u0131r - vah\u015fi ya\u015fam, koruma ve unutulmaz do\u011fal g\u00fczellikleri tek bir kusursuz programda harmanlamaktad\u0131r.<\/p>\n<p><strong>GEZI\u0307NI\u0307N \u00d6NEMLI\u0307 NOKTALARI<\/strong><\/p>\n<ul>\n<li>Nairobi Ulusal Park\u0131 safarisi<br \/>\n- Naivasha G\u00f6l\u00fc tekne safarisi<br \/>\n\u2022 <strong>Naivasha'da EcoSpaces Glamping deneyimi<\/strong><br \/>\n- David Sheldrick Fil Yetimhanesi<br \/>\n- Z\u00fcrafa Merkezi ziyareti<br \/>\n- Nairobi \u015fehir manzaralar\u0131 ve KICC bak\u0131\u015f a\u00e7\u0131s\u0131<br \/>\n- K\u00fc\u00e7\u00fck grup seyahati (en fazla 10 misafir)<br \/>\n- Profesyonel \u0130ngilizce-T\u00fcrk\u00e7e konu\u015fan rehber<\/li>\n<\/ul>\n<p style=\"font-weight: 400;\"><strong>TUR DETAYLARI<\/strong><\/p>\n<ul>\n<li style=\"font-weight: 400;\"><strong>S\u00fcre:<\/strong> 5 G\u00fcn \/ 4 Gece<br \/>\n\u2022 <strong>Grup Tipi:<\/strong> K\u00fc\u00e7\u00fck Grup<br \/>\n\u2022 <strong>Dil:<\/strong> T\u00fcrk\u00e7e<br \/>\n\u2022 <strong>Kalk\u0131\u015f \u015eehri:<\/strong> Nairobi<br \/>\n\u2022 <strong>Minimum Ya\u015f:<\/strong> 18<\/li>\n<\/ul>\n<p>&nbsp;<\/p>\n<p><strong>KONAKLAMA\u00a0<\/strong><\/p>\n<ul>\n<li>Nairobi'de bir Serena Hotel'de ve Naivasha'da Ecospaces Glampin'de \u00fc\u00e7 gece kalaca\u011f\u0131z<\/li>\n<li>\u00a0Konaklama birimlerimiz en fazla iki ki\u015filik payla\u015f\u0131ml\u0131 odalard\u0131r.<\/li>\n<li>Yaln\u0131z kalmak isterseniz, g\u00fcnl\u00fck $ 70 ekstra \u00fccret al\u0131nmaktad\u0131r.<\/li>\n<\/ul>\n<p>&nbsp;<\/p>\n<p><strong>YEMEKLER<\/strong><\/p>\n<p>&nbsp;<\/p>\n<p data-start=\"43\" data-end=\"301\">Kenya, ziyaret\u00e7ilerin geleneksel yerel lezzetlerin yan\u0131 s\u0131ra bir\u00e7ok uluslararas\u0131 mutfaktan yemekler bulabilece\u011fi \u00e7e\u015fitli bir mutfak ortam\u0131 sunmaktad\u0131r. \u00d6zellikle Nairobi'deki restoranlar Afrika, Hint, Orta Do\u011fu, Avrupa ve uluslararas\u0131 f\u00fczyon mutfaklar\u0131ndan yemekler sunmaktad\u0131r.<\/p>\n<p data-start=\"303\" data-end=\"531\">Konuklar, k\u00fcresel se\u00e7eneklerin yan\u0131 s\u0131ra \u0131zgara etler (Nyama Choma), baharatl\u0131 pilav (Pilau), taze tilapia gibi otantik Kenya yemeklerini de deneyimleyebilirler. <span class=\"hover:entity-accent entity-underline inline cursor-pointer align-baseline\"><span class=\"whitespace-normal\">Naivasha G\u00f6l\u00fc<\/span><\/span>, ve \u00e7e\u015fitli tropikal meyveler.<\/p>\n<p data-start=\"533\" data-end=\"678\" data-is-last-node=\"\" data-is-only-node=\"\">\u0130ster bilindik uluslararas\u0131 yemekleri tercih edin ister yerel spesiyaliteleri ke\u015ffetmek isteyin, Kenya her zevke uygun geni\u015f bir se\u00e7enek yelpazesi sunmaktad\u0131r.<\/p>\n<p>&nbsp;<\/p>\n<p><strong>FI\u0307YATLAR + UYGUNLUK<\/strong><\/p>\n<p>\u00dccretsiz Rider Formunu doldurun ve m\u00fcsaitlik durumu ile ilgili size geri d\u00f6n\u00fc\u015f yapal\u0131m Rezervasyonlar depozito al\u0131nd\u0131ktan sonra onaylan\u0131r. Bakiye, kalk\u0131\u015ftan 90 g\u00fcn \u00f6nce \u00f6denmelidir.<\/p>\n<div>\n<div class=\"av__style_flight-plane__aQQS5\"><\/div>\n<\/div>\n<p><strong>ITINERARY<\/strong><br \/>\nBu g\u00fczergah sadece bir rehber olarak haz\u0131rlanm\u0131\u015ft\u0131r. Ev sahipleriniz hava ko\u015fullar\u0131ndan yararlanmak i\u00e7in g\u00fczergah\u0131 de\u011fi\u015ftirebilir.<\/p>","protected":false},"excerpt":{"rendered":"<p style=\"font-weight: 400;\"><strong>\u00d6NEMLI NOTLAR<\/strong><\/p>\n<ul>\n<li style=\"font-weight: 400;\">Yaban hayat\u0131 g\u00f6zlemleri <strong>garanti edilmemi\u015ftir<\/strong> and depend on natural conditions<br \/>\n\u2022 Delays may occur due to traffic, weather, or park regulations<br \/>\n\u2022 Tour timings are approximate and may change<br \/>\n\u2022 Flexibility is essential when traveling in safari environments<\/li>\n<\/ul>\n<p style=\"font-weight: 400;\"><strong>\u015eARTLAR &amp; KO\u015eULLAR<\/strong><\/p>\n<ul>\n<li style=\"font-weight: 400;\">Sadece yeti\u015fkinlere \u00f6zel tur (<strong>18+<\/strong>)<br \/>\n\u2022 Personal expenses and optional activities are not included<br \/>\n\u2022 Participation implies acceptance of safari travel conditions<\/li>\n<\/ul>","protected":false},"featured_media":9790,"comment_status":"open","ping_status":"closed","template":"","meta":[],"product_brand":[],"product_cat":[28],"product_tag":[],"class_list":{"0":"post-9884","1":"product","2":"type-product","3":"status-publish","4":"has-post-thumbnail","6":"product_cat-egypt","8":"first","9":"instock","10":"taxable","11":"shipping-taxable","12":"purchasable","13":"product-type-ovabrw_car_rental"},"_links":{"self":[{"href":"https:\/\/ride4culture.org\/tr\/wp-json\/wp\/v2\/product\/9884","targetHints":{"allow":["GET"]}}],"collection":[{"href":"https:\/\/ride4culture.org\/tr\/wp-json\/wp\/v2\/product"}],"about":[{"href":"https:\/\/ride4culture.org\/tr\/wp-json\/wp\/v2\/types\/product"}],"replies":[{"embeddable":true,"href":"https:\/\/ride4culture.org\/tr\/wp-json\/wp\/v2\/comments?post=9884"}],"wp:featuredmedia":[{"embeddable":true,"href":"https:\/\/ride4culture.org\/tr\/wp-json\/wp\/v2\/media\/9790"}],"wp:attachment":[{"href":"https:\/\/ride4culture.org\/tr\/wp-json\/wp\/v2\/media?parent=9884"}],"wp:term":[{"taxonomy":"product_brand","embeddable":true,"href":"https:\/\/ride4culture.org\/tr\/wp-json\/wp\/v2\/product_brand?post=9884"},{"taxonomy":"product_cat","embeddable":true,"href":"https:\/\/ride4culture.org\/tr\/wp-json\/wp\/v2\/product_cat?post=9884"},{"taxonomy":"product_tag","embeddable":true,"href":"https:\/\/ride4culture.org\/tr\/wp-json\/wp\/v2\/product_tag?post=9884"}],"curies":[{"name":"wp","href":"https:\/\/api.w.org\/{rel}","templated":true}]}}