{"id":9895,"date":"2026-02-26T13:05:03","date_gmt":"2026-02-26T13:05:03","guid":{"rendered":"https:\/\/ride4culture.org\/?post_type=product&#038;p=9895"},"modified":"2026-03-13T07:46:37","modified_gmt":"2026-03-13T07:46:37","slug":"kyrgyztan","status":"publish","type":"product","link":"https:\/\/ride4culture.org\/tr\/product\/kyrgyztan\/","title":{"rendered":"KIRGIZI\u0307STAN 28 HAZI\u0307RAN-03 TEMMUZ"},"content":{"rendered":"<p><strong>MUHTE\u015eEM KIRGIZTAN<\/strong><\/p>\n<p><strong>Genel Bak\u0131\u015f<\/strong><\/p>\n<p>Orta Asya'n\u0131n kalbinde y\u00fckselen g\u00f6rkemli Tian Shan Da\u011flar\u0131, K\u0131rg\u0131zistan'\u0131n nefes kesici manzaras\u0131n\u0131 tan\u0131mlar. Y\u00fckselen zirveleri, z\u00fcmr\u00fct vadileri ve kristal berrakl\u0131\u011f\u0131ndaki alpin g\u00f6lleriyle bu el de\u011fmemi\u015f topraklar do\u011fay\u0131 en saf haliyle sunar. Burada sabahlar da\u011f s\u0131rtlar\u0131ndan d\u00f6k\u00fclen alt\u0131n g\u00fcne\u015f \u0131\u015f\u0131\u011f\u0131yla ba\u015flar ve ak\u015famlar y\u0131ld\u0131zlarla dolu sonsuz g\u00f6ky\u00fcz\u00fcn\u00fcn alt\u0131nda sona erer. G\u00f6\u00e7ebe ruhu y\u00fcksek otlaklarda hala ya\u015famakta ve k\u00fclt\u00fcr ile vah\u015fi do\u011fa aras\u0131nda nadir bir uyum yaratmaktad\u0131r.<\/p>\n<p>Tian Shan'\u0131n eteklerinde, hem macera hem de otantiklik arayanlar i\u00e7in \u00f6zenle haz\u0131rlanm\u0131\u015f ola\u011fan\u00fcst\u00fc bir at binme tatili tasarl\u0131yoruz. Deneyimli yerel atl\u0131lar\u0131n rehberlik etti\u011fi \u00f6zel rotalar\u0131m\u0131z sizi da\u011f ge\u00e7itlerinden ve u\u00e7suz bucaks\u0131z \u00e7ay\u0131rlardan ge\u00e7iriyor, konfor ve gelene\u011fi harmanlayan otantik yurt konaklamalar\u0131 sunuyor. Bu dramatik manzara boyunca at s\u00fcrerken, her ad\u0131mda ger\u00e7ek \u00f6zg\u00fcrl\u00fc\u011f\u00fc hissedeceksiniz - sadece K\u0131rg\u0131zistan'da seyahat etmekle kalmayacak, ayn\u0131 zamanda onun zamans\u0131z ritminin bir par\u00e7as\u0131 olacaks\u0131n\u0131z. Bu bir tatilden daha fazlas\u0131; ruhunuzda kal\u0131c\u0131 bir iz b\u0131rakan bir yolculuk.<\/p>\n<p><strong>GEZI\u0307NI\u0307N \u00d6NEMLI\u0307 NOKTALARI\u00a0\u00a0<\/strong><\/p>\n<ul>\n<li>Bi\u015fkek Havaliman\u0131'ndan Transfer<\/li>\n<li>Bi\u015fkek Merkez'de 4 ba\u015flang\u0131\u00e7l\u0131 bir otelde konaklama<\/li>\n<li>Tarihi m\u00fcze, \u015fehir merkezi turu ve en \u00fcnl\u00fc yerel restoranlarda ak\u015fam yeme\u011fi<\/li>\n<li>Kartal av\u0131 g\u00f6sterisi<\/li>\n<li>Vadilerde ata binme ve foto\u011fraf\u00e7\u0131l\u0131k<\/li>\n<li>T\u00fcm transferler<\/li>\n<li>Jety O\u011fuz vadilerinde Yurt glambings'de konaklama, kahvalt\u0131, \u00f6\u011fle ve ak\u015fam yeme\u011fi, 3 g\u00fcn<\/li>\n<li>Vadilerde 4-6 saat ata binme, 3 g\u00fcn<\/li>\n<li>Havaalan\u0131 transferi<\/li>\n<\/ul>\n<p><strong>\u00a0<\/strong><strong>S\u00dcR\u00dc\u015e REHBERI\u0307 <\/strong><\/p>\n<p><strong>S\u00fcre:<\/strong>\u00a0 5 G\u00fcn \/ 5 Gece \/ 3 G\u00fcn Binicilik<\/p>\n<p><strong>Operat\u00f6r:<\/strong> zeki k\u00fct\u00fck<\/p>\n<p><strong>Max Riders:<\/strong> 10<\/p>\n<p><strong>Min Riders:<\/strong> 6<\/p>\n<p><strong>Ya\u015f:<\/strong> Binicilerimizin \u00e7o\u011fu 16 ya\u015f ve \u00fczerindedir. Ebeveynleri olmayan \u00e7ocuklar\u0131 veya gen\u00e7leri kabul etmiyoruz<\/p>\n<p><strong>Gidiyoruz:<\/strong> Bi\u015fkek Havaliman\u0131<\/p>\n<p><strong>Binicilik seviyesi:<\/strong> Geli\u015fmi\u015f. Do\u011fal bir koltukla uzun y\u0131llar d\u00fczenli binicilik.<\/p>\n<p><strong>A\u011f\u0131rl\u0131k Limiti:<\/strong> Maksimum 90kg\/198lbs\/14.2 ta\u015f. Zinde olmal\u0131 ve at\u0131n\u0131z\u0131 teknik ve dik t\u0131rman\u0131\u015flarda k\u0131sa s\u00fcreler i\u00e7in y\u00fcksekte y\u00fcr\u00fctmeye istekli olmal\u0131s\u0131n\u0131z.<\/p>\n<p><strong>Eyerdeki zaman:<\/strong> G\u00fcnde 2 ila 4-6 saat<\/p>\n<p><strong>ATLAR<\/strong><\/p>\n<p>K\u0131rg\u0131z at\u0131, Orta Asya'n\u0131n engebeli manzaralar\u0131nda y\u00fczy\u0131llarca s\u00fcren ya\u015fam\u0131n \u015fekillendirdi\u011fi dayan\u0131kl\u0131 ve \u00e7evik bir da\u011f cinsidir. Y\u00fcksek rak\u0131mlara ve uzun mesafelere do\u011fal olarak adapte olan bu at, kendinden emin, dayan\u0131kl\u0131 ve sakindir - bu da onu da\u011f y\u00fcr\u00fcy\u00fc\u015fleri ve \u00e7ok g\u00fcnl\u00fck binicilik maceralar\u0131 i\u00e7in ideal k\u0131lar. G\u00fcc\u00fc istikrarl\u0131 bir miza\u00e7la birle\u015ftiren K\u0131rg\u0131z at\u0131, binicilere hem g\u00fcven hem de b\u00f6lgenin g\u00f6\u00e7ebe ruhuyla otantik bir ba\u011flant\u0131 sunar.<\/p>\n<p><strong>ACCOMONDATION<\/strong><\/p>\n<ul>\n<li>Bi\u015fkek \u015fehir merkezinde 3-4 y\u0131ld\u0131zl\u0131 bir otelde bir gece kalaca\u011f\u0131z<\/li>\n<li>K\u0131rg\u0131z Yurtlar\u0131nda \u00fc\u00e7 gece kalaca\u011f\u0131z<\/li>\n<li>Konaklamalar\u0131m\u0131z otelde en fazla iki ki\u015filik, yurtlarda ise 3-4 ki\u015filik payla\u015f\u0131ml\u0131 odalard\u0131r.<\/li>\n<li>Yaln\u0131z kalmak isterseniz g\u00fcnl\u00fck $50 ekstra \u00fccret al\u0131nmaktad\u0131r.<\/li>\n<\/ul>\n<p><strong>\u00a0<\/strong><\/p>\n<p><strong>NELER DAHI\u0307L<\/strong><\/p>\n<p>T\u00fcm konaklama birimleri,<\/p>\n<p>B\u00fct\u00fcn atlar,<\/p>\n<p>T\u00fcm rehberler,<\/p>\n<p>T\u00fcm transferler,<\/p>\n<p>T\u00fcm kahvalt\u0131lar<\/p>\n<p>Yurtlarda t\u00fcm kahvalt\u0131lar, \u00d6\u011fle ve Ak\u015fam yemekleri<\/p>\n<p>Milli Parklar i\u00e7in Giri\u015f<\/p>\n<p>Ekstrem sporlar seyahat sigortas\u0131<\/p>\n<p>&nbsp;<\/p>\n<p><strong>NELER HARI\u00c7<\/strong><\/p>\n<p>-Fiyata u\u00e7u\u015flar dahil de\u011fildir,<\/p>\n<p>- Bi\u015fkek'te Ak\u015fam Yeme\u011fi<\/p>\n<p>- Alkoller,<\/p>\n<p>- M\u00fcze Biletleri<\/p>\n<p>-Personel bah\u015fi\u015fleri (iste\u011fe ba\u011fl\u0131d\u0131r ancak takdir edilir).<\/p>\n<p><strong>NE PAKETLENMEL\u0130<\/strong><\/p>\n<p>- Binicilik k\u0131yafetleri, Binicilik ekipmanlar\u0131, G\u00fcne\u015f kremi, G\u00fcne\u015f g\u00f6zl\u00fc\u011f\u00fc, G\u00fc\u00e7 bankas\u0131, Far, Ya\u011fmurluk, Terlik, Havlu, So\u011fuk olmas\u0131 durumunda s\u0131cak giysiler, L\u00fctfen tog chaps dahil olmak \u00fczere binicilik k\u0131yafetlerinizi haz\u0131r bulundurun.<\/p>\n<p><strong>YEMEKLER<\/strong><\/p>\n<p>K\u0131rg\u0131z mutfa\u011f\u0131, \u00fclkenin g\u00f6\u00e7ebe miras\u0131n\u0131 yans\u0131t\u0131r ve basit ama doyurucu ve lezzetli yemekler sunar. Et - \u00f6zellikle kuzu ve at eti - el yap\u0131m\u0131 makarna ve s\u00fct \u00fcr\u00fcnleri ile birlikte geleneksel yemeklerin temelini olu\u015fturur. En ikonik yemeklerden biri, geni\u015f eri\u015fte \u00fczerinde servis edilen ha\u015flanm\u0131\u015f etle yap\u0131lan beshbarmak't\u0131r. Y\u00fcksek otlaklardaki geleneksel bir yurtta yenilen ortak yemek, yemekten daha fazlas\u0131 haline gelir - K\u0131rg\u0131z misafirperverli\u011finin ve toplulu\u011funun bir sembol\u00fcd\u00fcr.<\/p>\n<p><strong>\u0130NTERNET<\/strong><\/p>\n<p>Safarideyken kendinizi \u2018fi\u015ften \u00e7ekilmi\u015f\u2019 olarak d\u00fc\u015f\u00fcn\u00fcn. Valleys'de ba\u011flant\u0131 yok<\/p>\n<p>Havaalan\u0131ndan 20 GB i\u00e7in yakla\u015f\u0131k 10$'ye bir sim kart sat\u0131n alabilirsiniz. Cep telefonu \u00e7ekimi s\u00fcr\u00fc\u015flerin ba\u015f\u0131nda ve sonunda mevcuttur, ancak patikada tamamen \u015febekeden uzaks\u0131n\u0131z. Yurtlarda starlink stalite internetimiz var. hava sert ise, bazen sert havalarda yava\u015f \u00e7al\u0131\u015f\u0131yor.<\/p>\n<p>220 W \u015farj cihaz\u0131 ekipmanlar\u0131n\u0131 kullanabilirsiniz<\/p>\n<p><strong>TAR\u0130HLER 28 HAZ\u0130RAN - 3 TEMMUZ<\/strong><\/p>\n<p>\u00dccretsiz Rider Formunu doldurun ve m\u00fcsaitlik durumu ile ilgili size geri d\u00f6n\u00fc\u015f yapal\u0131m Rezervasyonlar depozito al\u0131nd\u0131ktan sonra onaylan\u0131r. Bakiye, kalk\u0131\u015ftan 90 g\u00fcn \u00f6nce \u00f6denmelidir.<\/p>\n<p><strong>ITINERARY<\/strong><\/p>\n<p>Bu g\u00fczergah sadece bir rehber olarak haz\u0131rlanm\u0131\u015ft\u0131r. Ev sahipleriniz hava ko\u015fullar\u0131ndan yararlanmak i\u00e7in g\u00fczergah\u0131 de\u011fi\u015ftirebilir.<\/p>","protected":false},"excerpt":{"rendered":"<ul>\n<li>En b\u00fcy\u00fck yolcu gemisi terminalleri ve Almanya'ya a\u00e7\u0131lan kap\u0131 olarak bilinir<\/li>\n<\/ul>","protected":false},"featured_media":9901,"comment_status":"open","ping_status":"closed","template":"","meta":[],"product_brand":[],"product_cat":[48],"product_tag":[],"class_list":{"0":"post-9895","1":"product","2":"type-product","3":"status-publish","4":"has-post-thumbnail","6":"brw_tour_types-weekly-riding","7":"product_cat-tower","9":"first","10":"instock","11":"sale","12":"taxable","13":"shipping-taxable","14":"purchasable","15":"product-type-ovabrw_car_rental"},"_links":{"self":[{"href":"https:\/\/ride4culture.org\/tr\/wp-json\/wp\/v2\/product\/9895","targetHints":{"allow":["GET"]}}],"collection":[{"href":"https:\/\/ride4culture.org\/tr\/wp-json\/wp\/v2\/product"}],"about":[{"href":"https:\/\/ride4culture.org\/tr\/wp-json\/wp\/v2\/types\/product"}],"replies":[{"embeddable":true,"href":"https:\/\/ride4culture.org\/tr\/wp-json\/wp\/v2\/comments?post=9895"}],"wp:featuredmedia":[{"embeddable":true,"href":"https:\/\/ride4culture.org\/tr\/wp-json\/wp\/v2\/media\/9901"}],"wp:attachment":[{"href":"https:\/\/ride4culture.org\/tr\/wp-json\/wp\/v2\/media?parent=9895"}],"wp:term":[{"taxonomy":"product_brand","embeddable":true,"href":"https:\/\/ride4culture.org\/tr\/wp-json\/wp\/v2\/product_brand?post=9895"},{"taxonomy":"product_cat","embeddable":true,"href":"https:\/\/ride4culture.org\/tr\/wp-json\/wp\/v2\/product_cat?post=9895"},{"taxonomy":"product_tag","embeddable":true,"href":"https:\/\/ride4culture.org\/tr\/wp-json\/wp\/v2\/product_tag?post=9895"}],"curies":[{"name":"wp","href":"https:\/\/api.w.org\/{rel}","templated":true}]}}